{"id":711,"date":"2025-11-06T14:44:15","date_gmt":"2025-11-06T12:44:15","guid":{"rendered":"https:\/\/yourhelpfund.org.ua\/?page_id=711"},"modified":"2025-11-06T17:54:46","modified_gmt":"2025-11-06T15:54:46","slug":"oferta","status":"publish","type":"page","link":"https:\/\/yourhelpfund.org.ua\/de\/oferta\/","title":{"rendered":"Angebot"},"content":{"rendered":"<div data-elementor-type=\"wp-page\" data-elementor-id=\"711\" class=\"elementor elementor-711\" data-elementor-post-type=\"page\">\n\t\t\t\t<div class=\"elementor-element elementor-element-0e2514a e-flex e-con-boxed e-con e-parent\" data-id=\"0e2514a\" data-element_type=\"container\" data-e-type=\"container\">\n\t\t\t\t\t<div class=\"e-con-inner\">\n\t\t\t\t<div class=\"elementor-element elementor-element-cf13512 elementor-widget elementor-widget-text-editor\" data-id=\"cf13512\" data-element_type=\"widget\" data-e-type=\"widget\" data-widget_type=\"text-editor.default\">\n\t\t\t\t<div class=\"elementor-widget-container\">\n\t\t\t\t\t\t\t\t\t<h1><b>Vereinbarung \u00fcber ein \u00f6ffentliches Angebot f\u00fcr eine wohlt\u00e4tige Spende<\/b><\/h1><p><b>Dieses \u00f6ffentliche Angebot f\u00fcr eine gemeinn\u00fctzige Spende (nachstehend \"Angebot\" genannt)<\/b> gerichtet an <b>f\u00fcr eine unbestimmte Anzahl von Personen<\/b> - f\u00fcr nat\u00fcrliche und juristische Personen (im Folgenden als <b>Philanthrop<\/b>), die Besucher der Website im Internet sind: <b>https:\/\/yourhelpfund.org.ua<\/b> (nachstehend bezeichnet als <b>Website.<\/b>), und sind <b>ein formelles und \u00f6ffentliches Angebot<\/b><b><\/b><\/p><p><b>Gemeinn\u00fctzige Stiftung \"Ihre Hilfe SA\"<\/b><b><\/b><\/p><p>(Identifizierungscode der juristischen Person: <b>41450301<\/b>),<\/p><p>in der Person des Leiters <b>Igor Wiktorowitsch Timko<\/b>die auf der Grundlage der Charta handeln (im Folgenden: die <b>Stiftung<\/b>),<\/p><p>eine Vereinbarung \u00fcber eine wohlt\u00e4tige Spende (im Folgenden als <b>Vertrag<\/b>), deren Gegenstand und wesentliche Bedingungen im Folgenden dargelegt werden:<\/p><p><b>1. BEGRIFFE UND DEFINITIONEN<\/b><\/p><p><b>1.1. \u00d6ffentliches Angebot (Angebot)<\/b> - ein g\u00fcltiges, auf der Website ver\u00f6ffentlichtes Angebot der Stiftung f\u00fcr eine wohlt\u00e4tige Spende, gerichtet an <b>f\u00fcr eine unbegrenzte Anzahl von Personen<\/b>einschlie\u00dflich des Wohlt\u00e4ters.<\/p><p><b>1.2. Akzeptanz<\/b> - <b>volle und bedingungslose Akzeptanz<\/b> \u00d6ffentliches Angebot durch die Durchf\u00fchrung von \u00dcberweisungen unter Verwendung der auf der Website ver\u00f6ffentlichten Zahlungsformulare oder -mittel sowie durch die \u00dcberweisung von Geldern auf das Girokonto des Fonds durch Bankinstitute. <b>Das Datum der Annahme ist das Datum der Gutschrift der Mittel auf dem Bankkonto des Fonds.<\/b><b><\/b><\/p><p><b>1.3. Spende f\u00fcr wohlt\u00e4tige Zwecke<\/b> - <b>kostenlose \u00dcbertragung<\/b> Der G\u00f6nner \u00fcberweist die Mittel an die Stiftung zur weiteren Verwendung f\u00fcr die Erreichung der Ziele, die von <b>Statut des Fonds<\/b> und\/oder ihre Programme im Einklang mit dem ukrainischen Gesetz \"\u00dcber gemeinn\u00fctzige T\u00e4tigkeiten und gemeinn\u00fctzige Organisationen\" und diesem Abkommen.<\/p><p><b>1.4. G\u00f6nner<\/b> - eine rechtsf\u00e4hige nat\u00fcrliche oder juristische Person, die <b>freiwillig durchf\u00fchrt<\/b> eine oder mehrere Arten von Wohlt\u00e4tigkeitsaktivit\u00e4ten und hat dieses Angebot angenommen.<\/p><p><b>2. VERTRAGSGEGENSTAND<\/b><\/p><p><b>2.1. Gegenstand dieser Vereinbarung ist eine unentgeltliche und freiwillige \u00dcberweisung des Spenders an die Stiftung in Form einer wohlt\u00e4tigen Spende zur Unterst\u00fctzung der satzungsgem\u00e4\u00dfen Aktivit\u00e4ten der Stiftung, die im Rahmen des Wiederherstellungsprojekts durchgef\u00fchrt werden, das darauf abzielt, Waisenkindern, Kindern ohne elterliche F\u00fcrsorge, vom Krieg betroffenen Kindern sowie Vertretern anderer sozial schwacher Bev\u00f6lkerungskategorien Hilfe zu leisten.<\/b> Die wohlt\u00e4tigen Aktivit\u00e4ten der Stiftung werden in \u00dcbereinstimmung mit dem ukrainischen Gesetz \"\u00dcber wohlt\u00e4tige Aktivit\u00e4ten und wohlt\u00e4tige Organisationen\" und der Satzung der Stiftung durchgef\u00fchrt.<\/p><p><b>2.2. Die H\u00f6he der wohlt\u00e4tigen Spende wird vom Spender selbst bestimmt.<\/b><b><\/b><\/p><p><b>2.3. Der Gegenstand dieses Abkommens darf f\u00fcr keine der Parteien einen (direkten oder indirekten) Gewinn darstellen.<\/b><b><\/b><\/p><p><b>3. AKZEPTANZ<\/b><\/p><p><b>3.1 Die Annahme des Angebots bedeutet, dass der Spender allen Bedingungen dieser Vereinbarung zustimmt und versteht und zustimmt, dass die Spende zur Erreichung der in der Charta der Stiftung festgelegten Ziele verwendet wird.<\/b> Der Text der Charta kann vom G\u00f6nner eingesehen werden, indem er eine Anfrage an die E-Mail-Adresse der Stiftung sendet (siehe Abschnitt 11).<\/p><p><b>3.2. Der Spender ist sich dessen bewusst und erkl\u00e4rt sich damit einverstanden, dass die Stiftung das Recht hat, einen Teil der Spende f\u00fcr Verwaltungskosten zu verwenden, die die durch die Gesetzgebung der Ukraine festgelegten Grenzen nicht \u00fcberschreiten.<\/b><b><\/b><\/p><p><b>3.3 In \u00dcbereinstimmung mit den Artikeln 207, 639, 641, 642 des Zivilgesetzbuches der Ukraine und den Artikeln 6, 7 des Gesetzes der Ukraine \"\u00dcber gemeinn\u00fctzige T\u00e4tigkeiten und gemeinn\u00fctzige Organisationen\" gilt dieses Angebot ab dem Zeitpunkt der Annahme als schriftlicher Vertrag zwischen den Parteien.<\/b> Die Nichteinhaltung der Schriftform durch die Parteien macht diese nicht ung\u00fcltig.<\/p><p><b>4. RECHTE UND PFLICHTEN DES FONDS<\/b><\/p><p><b>4.1 Der Fonds hat das Recht,:<\/b><b><\/b><\/p><p>- <b>Spenden f\u00fcr wohlt\u00e4tige Zwecke entgegenzunehmen und sie im Einklang mit dem Gegenstand und den Bedingungen dieses Abkommens zu verwenden;<\/b><b><\/b><\/p><p>- nach vorheriger Absprache mit dem Spender die Verwendung der Spende zu \u00e4ndern, wenn sie f\u00fcr ein bestimmtes Projekt (innerhalb desselben Wohlt\u00e4tigkeitsprogramms) in den in Abschnitt 8.3 genannten F\u00e4llen bestimmt ist;<\/p><p>- ohne zus\u00e4tzliche Vereinbarung mit dem Zuwendungsempf\u00e4nger einen Teil der Spende zur Deckung folgender Kosten verwenden <b>Verwaltungskosten des Fonds<\/b> in dem durch die Gesetzgebung der Ukraine festgelegten Umfang.<\/p><p><b>4.2. Der Fonds ist dazu verpflichtet:<\/b><b><\/b><\/p><p>- j\u00e4hrlich <b>Berichte ver\u00f6ffentlichen<\/b> \u00fcber die Verwendung der in elektronischer Form gesammelten Spenden auf der Website (falls vorhanden) oder auf andere gesetzlich vorgesehene Weise \u00f6ffentlich;<\/p><p>- <b>die erhaltenen Spenden ausschlie\u00dflich f\u00fcr die in der Satzung der Stiftung genannten Zwecke zu verwenden.<\/b><b><\/b><\/p><p><b>5. RECHTE DES STIFTERS<\/b><\/p><p>Das Recht dazu hat der Stifter:<\/p><p>- <b>die gezielte Verwendung von Spendengeldern zu kontrollieren<\/b> nach dem in den Rechtsvorschriften der Ukraine festgelegten Verfahren;<\/p><p>- die Beg\u00fcnstigten (Empf\u00e4nger) einer Wohlt\u00e4tigkeitsspende gem\u00e4\u00df dem gesetzlich festgelegten Verfahren zu \u00e4ndern, wenn die Stiftung gegen die Zwecke, Bedingungen oder das Verfahren f\u00fcr die Verwendung einer solchen Spende verst\u00f6\u00dft.<\/p><p><b>6. ORT DER \u00d6FFENTLICHEN MITTELBESCHAFFUNG<\/b><\/p><p>Die \u00f6ffentliche Sammlung von Spenden f\u00fcr wohlt\u00e4tige Zwecke wird in jedem Land der Welt durchgef\u00fchrt. Direkte Aktivit\u00e4ten zur Spendensammlung im Rahmen dieses Abkommens werden am Sitz der Stiftung und\/oder \u00fcber die Website (falls die Website zur Annahme von Spenden genutzt wird) durchgef\u00fchrt.<\/p><p><b>7. ZEITRAUM DER SPENDENSAMMLUNG<\/b><\/p><p>\u00d6ffentliche Spendensammlung geht weiter <b>auf unbestimmte Zeit<\/b>bis zur Beendigung der T\u00e4tigkeit des Fonds (Liquidation) oder bis zum Eintritt anderer vom Fonds oder der ukrainischen Gesetzgebung bestimmter Umst\u00e4nde.<\/p><p><b>8. DAS VERFAHREN ZUR VERWENDUNG VON SPENDENGELDERN<\/b><\/p><p><b>8.1. Die im Rahmen dieses Abkommens gesammelten Spenden werden im Einklang mit den satzungsgem\u00e4\u00dfen Zielen der Stiftung verwendet.<\/b><b><\/b><\/p><p><b>8.2. G\u00f6nner<\/b> oder von ihm bevollm\u00e4chtigte Personen haben das Recht, die gezielte Verwendung einer Wohlt\u00e4tigkeitsspende nach dem in den Rechtsvorschriften der Ukraine festgelegten Verfahren zu kontrollieren.<\/p><p><b>8.3. Wenn die Mittelbeschaffung f\u00fcr ein bestimmtes Projekt, eine Wohlt\u00e4tigkeitsveranstaltung oder eine Aktivit\u00e4t (innerhalb eines bestimmten Wohlt\u00e4tigkeitsprogramms) beendet, ersch\u00f6pft oder irrelevant wird, hat die Stiftung das Recht, die verbleibenden Mittel einem anderen Projekt oder einer anderen Aktivit\u00e4t innerhalb desselben Wohlt\u00e4tigkeitsprogramms zuzuweisen, ohne dass eine zus\u00e4tzliche Genehmigung des Spenders erforderlich ist.<\/b><b><\/b><\/p><p><b>8.4. Eine \u00c4nderung des Verwendungszwecks oder -verfahrens einer Spende ist mit Zustimmung des Spenders m\u00f6glich<\/b> oder deren Rechtsnachfolger sowie auf der Grundlage einer gerichtlichen Entscheidung oder in F\u00e4llen, die durch die Gesetzgebung der Ukraine bestimmt werden, mit Ausnahme der in Ziffer 8.3 beschriebenen Situationen.<\/p><p><b>8.5. R\u00fcckgabe von Spenden<\/b> k\u00f6nnen von der Stiftung nur in den in der ukrainischen Gesetzgebung vorgesehenen F\u00e4llen an den Zuwendungsempf\u00e4nger geleistet werden.\u00a0<\/p><p><b>8.6. Haftung der Parteien<\/b> f\u00fcr Verst\u00f6\u00dfe gegen dieses Abkommen oder das Verfahren f\u00fcr die Verwendung von Spendengeldern wird durch die geltende Gesetzgebung der Ukraine bestimmt.<\/p><p><b>9. VERFAHREN F\u00dcR DEN ZUGANG DER \u00d6FFENTLICHKEIT ZU DEN JAHRESABSCHL\u00dcSSEN<\/b><\/p><p><b>9.1. Zugang zu den Finanzausweisen des Fonds<\/b> wird durch die j\u00e4hrliche Ver\u00f6ffentlichung solcher Berichte auf der Website (falls vorhanden) oder auf eine andere gesetzlich vorgesehene Weise umgesetzt.<\/p><p><b>9.2. Andere Informationen<\/b> k\u00f6nnen vom Fonds nach dem Verfahren und innerhalb der Fristen bereitgestellt werden, die in den Rechtsvorschriften der Ukraine festgelegt sind.<\/p><p><b>10. 10. SONSTIGE BESTIMMUNGEN UND BEDINGUNGEN<\/b><\/p><p><b>10.1. Alle Kosten im Zusammenhang mit der \u00dcberweisung und Gutschrift der Spende (Bankgeb\u00fchren usw.) gehen zu Lasten des Spenders.<\/b><b><\/b><\/p><p><b>10.2. Mit der Annahme best\u00e4tigt der Spender, dass er mit den Bestimmungen in Anhang 1 zu dieser Vereinbarung \u00fcber die Erhebung und Verarbeitung seiner personenbezogenen Daten vertraut ist und dieser Erhebung und Verarbeitung zustimmt.<\/b><b><\/b><\/p><p><b>10.3. G\u00f6nner<\/b> erkl\u00e4rt sich damit einverstanden, dass nach der Eingabe von Informationen \u00fcber seine Person auf der Website und\/oder in den Anmeldeformularen des Fonds seine Kontaktdaten vom Fonds f\u00fcr die Versendung von Briefen oder Nachrichten, insbesondere in elektronischer Form, verwendet werden k\u00f6nnen. Gleichzeitig verpflichtet sich der Fonds, die Kontaktdaten nicht an Dritte weiterzugeben, es sei denn, dies ist in der Gesetzgebung der Ukraine ausdr\u00fccklich vorgesehen. Mit gesonderter zus\u00e4tzlicher Zustimmung des Spenders k\u00f6nnen auch sein Name, Vorname und Vatersname in den Medien oder auf den offiziellen Online-Ressourcen der Stiftung ver\u00f6ffentlicht werden.<\/p><p><b>11. STANDORT UND BANKVERBINDUNG DES FONDS<\/b><\/p><p><b>Gemeinn\u00fctzige Stiftung \"DEINE HILFE SA\"<\/b><b><\/b><\/p><p>Identifizierungscode: <b>41450301<\/b><b><\/b><\/p><p>Sitz der juristischen Person:<\/p><p>Ukraine, 60024, Gebiet Czernowitz, Bezirk Dnister, Dorf Malyntsi, 15 Kobylyanska str.<\/p><p><b>Bankverbindung:<\/b><b><\/b><\/p><p>- Name des Empf\u00e4ngers: <b>WEIL IHRE HILFE DER UAF HILFT<\/b><b><\/b><\/p><p>- Code des Empf\u00e4ngers (USREOU): <b>41450301<\/b><b><\/b><\/p><p>- Das Konto des Empf\u00e4ngers (IBAN): <b>UA913052990000026004041810571<\/b><b><\/b><\/p><p>- Name der Bank: <b>JSC CB PrivatBank<\/b><b><\/b><\/p><p>Direktor<\/p><p><b>Igor Wiktorowitsch Tymko<\/b><b><\/b><\/p><h2>\u00a0<\/h2><h2><b>ANLAGE Nr. 1 zur Vereinbarung \u00fcber ein \u00f6ffentliches Angebot f\u00fcr eine gemeinn\u00fctzige Spende<\/b><\/h2><p>(In Bezug auf die Erhebung und Verarbeitung der personenbezogenen Daten des Zuwendungsgebers)<\/p><p><b>1. ZUSTIMMUNG ZUR VERARBEITUNG PERSONENBEZOGENER DATEN<\/b><\/p><p>Der G\u00f6nner, der das Angebot annimmt (durch \u00dcberweisung oder Ausf\u00fcllen der entsprechenden Formulare auf der Website der Stiftung), stellt in \u00dcbereinstimmung mit dem ukrainischen Gesetz \"\u00dcber den Schutz personenbezogener Daten\" Folgendes zur Verf\u00fcgung <b>An den Wohlt\u00e4tigkeitsfonds \"Your Help SA\"<\/b> (nachstehend \"Fonds\" genannt) ihre freiwillige und bedingungslose Zustimmung zur Erhebung, Registrierung, Sammlung, Speicherung, Anpassung, \u00c4nderung, Aktualisierung, Verwendung und Verbreitung (Vertrieb, Verkauf, \u00dcbertragung) und Vernichtung ihrer personenbezogenen Daten (nachstehend \"Verarbeitung\" genannt) f\u00fcr die in diesem Anhang genannten Zwecke.<\/p><p><b>2. ZUSAMMENSETZUNG DER PERSONENBEZOGENEN DATEN<\/b><\/p><p>Der Spender erkl\u00e4rt sich mit der Verarbeitung der personenbezogenen Daten einverstanden, die er im Rahmen der Spende angibt:<\/p><p>- <b>Nachname, Vorname und Vatersname (falls vorhanden).<\/b><b><\/b><\/p><p>- <b>Kontaktinformationen<\/b> (Telefonnummer, E-Mail Adresse).<\/p><p>- <b>Bankverbindung und Zahlungsinformationen<\/b> (H\u00f6he der Spende, Datum und Uhrzeit der Transaktion, Art des Zahlungssystems), mit Ausnahme vertraulicher Zahlungsinformationen (z. B. vollst\u00e4ndige Kartennummer), die direkt von den Zahlungssystemen verarbeitet werden.<\/p><p>- <b>Automatisch erfasste Daten<\/b> (IP-Adresse, Browserinformationen, Standort), die f\u00fcr den ordnungsgem\u00e4\u00dfen Betrieb der Website und f\u00fcr Statistiken verwendet werden.<\/p><p>- <b>Andere Informationen<\/b>vom Wohlt\u00e4ter auf freiwilliger Basis zur Verf\u00fcgung gestellt.<\/p><p><b>3. ZWECK DER DATENVERARBEITUNG<\/b><\/p><p>Die Verarbeitung der personenbezogenen Daten des Spenders erfolgt ausschlie\u00dflich zu diesem Zweck:<\/p><p>- <b>Ordnungsgem\u00e4\u00dfe Erf\u00fcllung der Bestimmungen des Abkommens<\/b> \u00f6ffentliches Angebot und Einhaltung der Anforderungen der ukrainischen Gesetzgebung \u00fcber wohlt\u00e4tige Aktivit\u00e4ten und Berichterstattung (insbesondere die F\u00fchrung von Aufzeichnungen \u00fcber Spenden).<\/p><p>- <b>Kommunikation mit dem Wohlt\u00e4ter<\/b> (Bereitstellung von Informationen \u00fcber die Stiftung, Zusendung von Berichten \u00fcber die Verwendung von Spenden sowie von Informations- und\/oder Werbematerial der Stiftung - gem\u00e4\u00df Klausel 10.3 des Angebots).<\/p><p>- <b>F\u00fchren von internen Statistiken und Analysen des Fonds.<\/b><b><\/b><\/p><p>- <b>\u00d6ffentliche Bekanntgabe von Informationen \u00fcber die Wohlt\u00e4ter<\/b> (VOLLST\u00c4NDIGER NAME) <b>nur mit gesonderter zus\u00e4tzlicher Zustimmung des Zuwendungsgebers<\/b>.<\/p><p><b>4. RECHTE DES STIFTERS<\/b><\/p><p>Der Zuwendungsgeber best\u00e4tigt, dass er \u00fcber seine Rechte als Betroffener gem\u00e4\u00df Artikel 8 des ukrainischen Gesetzes \"\u00dcber den Schutz personenbezogener Daten\" informiert wurde, und zwar<\/p><p>- Kennen Sie die Quellen, aus denen Ihre personenbezogenen Daten stammen, und den Ort, an dem sie gespeichert werden.<\/p><p>- Informationen \u00fcber die Bedingungen f\u00fcr die Gew\u00e4hrung des Zugangs zu personenbezogenen Daten zu erhalten.<\/p><p>- Einen begr\u00fcndeten Antrag auf Widerspruch gegen die Datenverarbeitung bei der Kasse einreichen.<\/p><p>- Stellen Sie einen begr\u00fcndeten Antrag auf \u00c4nderung oder Vernichtung der Daten.<\/p><p>- die Zustimmung zur Verarbeitung personenbezogener Daten zu widerrufen.<\/p><p>- Aus\u00fcbung anderer Rechte, die in der Gesetzgebung der Ukraine vorgesehen sind.<\/p><p><b>5. BEDINGUNGEN F\u00dcR LAGERUNG UND \u00d6FFNUNG<\/b><\/p><p>- <b>Die Stiftung verpflichtet sich, die erforderlichen Ma\u00dfnahmen zu ergreifen<\/b> den Schutz personenbezogener Daten vor unbefugtem Zugriff, Ver\u00e4nderung, Weitergabe oder Zerst\u00f6rung.<\/p><p>- <b>Personenbezogene Daten k\u00f6nnen weitergegeben werden an<\/b> an Dritte (z. B. Banken, Zahlungssysteme, Wirtschaftspr\u00fcfer) nur in den F\u00e4llen, die in der ukrainischen Gesetzgebung vorgesehen sind, oder wenn dies f\u00fcr die Erf\u00fcllung der satzungsm\u00e4\u00dfigen Ziele des Fonds erforderlich ist.<\/p><p>- <b>Dauer der Datenspeicherung<\/b> wird im Einklang mit den geltenden Rechtsvorschriften und den satzungsm\u00e4\u00dfigen Dokumenten des Fonds festgelegt.<\/p><p>Dieser Anhang Nr. 1 tritt gleichzeitig mit der Vereinbarung \u00fcber das \u00f6ffentliche Angebot in Kraft.<\/p><p>Sie ist Bestandteil des Hauptvertrags, und ihre Annahme (Akzeptanz) wird durch die im Angebot beschriebenen Handlungen des Zuwendungsgebers best\u00e4tigt.<\/p>\t\t\t\t\t\t\t\t<\/div>\n\t\t\t\t<\/div>\n\t\t\t\t\t<\/div>\n\t\t\t\t<\/div>\n\t\t\t\t<\/div>","protected":false},"excerpt":{"rendered":"<p>\u0414\u043e\u0433\u043e\u0432\u0456\u0440 \u043f\u0443\u0431\u043b\u0456\u0447\u043d\u043e\u0457 \u043e\u0444\u0435\u0440\u0442\u0438 \u043f\u0440\u043e \u043d\u0430\u0434\u0430\u043d\u043d\u044f \u0431\u043b\u0430\u0433\u043e\u0434\u0456\u0439\u043d\u043e\u0457 \u043f\u043e\u0436\u0435\u0440\u0442\u0432\u0438 \u0426\u044f \u043f\u0443\u0431\u043b\u0456\u0447\u043d\u0430 \u043e\u0444\u0435\u0440\u0442\u0430 \u043f\u0440\u043e \u043d\u0430\u0434\u0430\u043d\u043d\u044f \u0431\u043b\u0430\u0433\u043e\u0434\u0456\u0439\u043d\u043e\u0457 \u043f\u043e\u0436\u0435\u0440\u0442\u0432\u0438 (\u043d\u0430\u0434\u0430\u043b\u0456 \u2013 \u041e\u0444\u0435\u0440\u0442\u0430) \u0430\u0434\u0440\u0435\u0441\u043e\u0432\u0430\u043d\u0430 \u043d\u0435\u0432\u0438\u0437\u043d\u0430\u0447\u0435\u043d\u043e\u043c\u0443 \u043a\u043e\u043b\u0443 \u043e\u0441\u0456\u0431 \u2013 \u0444\u0456\u0437\u0438\u0447\u043d\u0438\u043c \u0442\u0430 \u044e\u0440\u0438\u0434\u0438\u0447\u043d\u0438\u043c \u043e\u0441\u043e\u0431\u0430\u043c (\u043d\u0430\u0434\u0430\u043b\u0456 \u2013 \u0411\u043b\u0430\u0433\u043e\u0434\u0456\u0439\u043d\u0438\u043a), \u0449\u043e \u0454 \u0432\u0456\u0434\u0432\u0456\u0434\u0443\u0432\u0430\u0447\u0430\u043c\u0438 \u0432\u0435\u0431\u0441\u0430\u0439\u0442\u0443 \u0443 \u043c\u0435\u0440\u0435\u0436\u0456 \u0406\u043d\u0442\u0435\u0440\u043d\u0435\u0442: https:\/\/yourhelpfund.org.ua (\u043d\u0430\u0434\u0430\u043b\u0456 \u2013 \u0421\u0430\u0439\u0442), \u0456 \u0454 \u043e\u0444\u0456\u0446\u0456\u0439\u043d\u043e\u044e \u0442\u0430 \u043f\u0443\u0431\u043b\u0456\u0447\u043d\u043e\u044e \u043f\u0440\u043e\u043f\u043e\u0437\u0438\u0446\u0456\u0454\u044e \u0411\u043b\u0430\u0433\u043e\u0434\u0456\u0439\u043d\u043e\u0433\u043e \u0444\u043e\u043d\u0434\u0443 \u00ab\u0422\u0432\u043e\u044f \u0414\u043e\u043f\u043e\u043c\u043e\u0433\u0430 \u042e\u0410\u00bb (\u0406\u0434\u0435\u043d\u0442\u0438\u0444\u0456\u043a\u0430\u0446\u0456\u0439\u043d\u0438\u0439 \u043a\u043e\u0434 \u044e\u0440\u0438\u0434\u0438\u0447\u043d\u043e\u0457 \u043e\u0441\u043e\u0431\u0438: [&hellip;]<\/p>\n","protected":false},"author":1,"featured_media":0,"parent":0,"menu_order":0,"comment_status":"closed","ping_status":"closed","template":"","meta":{"footnotes":""},"class_list":["post-711","page","type-page","status-publish","hentry"],"_links":{"self":[{"href":"https:\/\/yourhelpfund.org.ua\/de\/wp-json\/wp\/v2\/pages\/711","targetHints":{"allow":["GET"]}}],"collection":[{"href":"https:\/\/yourhelpfund.org.ua\/de\/wp-json\/wp\/v2\/pages"}],"about":[{"href":"https:\/\/yourhelpfund.org.ua\/de\/wp-json\/wp\/v2\/types\/page"}],"author":[{"embeddable":true,"href":"https:\/\/yourhelpfund.org.ua\/de\/wp-json\/wp\/v2\/users\/1"}],"replies":[{"embeddable":true,"href":"https:\/\/yourhelpfund.org.ua\/de\/wp-json\/wp\/v2\/comments?post=711"}],"version-history":[{"count":16,"href":"https:\/\/yourhelpfund.org.ua\/de\/wp-json\/wp\/v2\/pages\/711\/revisions"}],"predecessor-version":[{"id":747,"href":"https:\/\/yourhelpfund.org.ua\/de\/wp-json\/wp\/v2\/pages\/711\/revisions\/747"}],"wp:attachment":[{"href":"https:\/\/yourhelpfund.org.ua\/de\/wp-json\/wp\/v2\/media?parent=711"}],"curies":[{"name":"wp","href":"https:\/\/api.w.org\/{rel}","templated":true}]}}