{"id":3,"date":"2025-06-29T20:21:51","date_gmt":"2025-06-29T20:21:51","guid":{"rendered":"http:\/\/yourhelpfund.org.ua\/?page_id=3"},"modified":"2025-08-16T22:35:54","modified_gmt":"2025-08-16T20:35:54","slug":"politica-de-privacidad","status":"publish","type":"page","link":"https:\/\/yourhelpfund.org.ua\/es\/politica-de-privacidad\/","title":{"rendered":"Pol\u00edtica de privacidad"},"content":{"rendered":"<h2 class=\"wp-block-heading\"><strong>Qui\u00e9nes somos<\/strong><\/h2>\n\n\n\n<p>La direcci\u00f3n de nuestro sitio web: <a class=\"\" href=\"http:\/\/yourhelpfund.org.ua\/es\/\">http:\/\/yourhelpfund.org.ua<\/a>.<\/p>\n\n\n\n<h2 class=\"wp-block-heading\"><strong>Observaciones.<\/strong><\/h2>\n\n\n\n<p>Cuando los visitantes dejan comentarios en el sitio web, recogemos los datos especificados en el formulario de comentarios, as\u00ed como la direcci\u00f3n IP del visitante y la informaci\u00f3n del navegador para ayudarnos a detectar el spam.<\/p>\n\n\n\n<p>Una cadena an\u00f3nima creada a partir de su direcci\u00f3n de correo electr\u00f3nico (el llamado hash) puede ser pasada al servicio Gravatar para comprobar si usted lo est\u00e1 utilizando. La pol\u00edtica de privacidad de Gravatar est\u00e1 disponible aqu\u00ed: <a class=\"\" href=\"https:\/\/automattic.com\/privacy\/\">https:\/\/automattic.com\/privacy\/<\/a>. Una vez aprobado un comentario, tu foto de perfil ser\u00e1 visible p\u00fablicamente junto a tu comentario.<\/p>\n\n\n\n<h2 class=\"wp-block-heading\"><strong>Medios de comunicaci\u00f3n.<\/strong><\/h2>\n\n\n\n<p>Si sube im\u00e1genes a su sitio, evite subir archivos con datos de localizaci\u00f3n incrustados (EXIF GPS). Los visitantes del sitio pueden descargar im\u00e1genes y recibir estos datos.<\/p>\n\n\n\n<h2 class=\"wp-block-heading\"><strong>Cookies<\/strong><\/h2>\n\n\n\n<p>Si deja un comentario en nuestro sitio web, puede aceptar que su nombre, direcci\u00f3n de correo electr\u00f3nico y sitio web se almacenen en una cookie. Esto es para su comodidad, para que no tenga que volver a introducir estos datos la pr\u00f3xima vez que haga un comentario. Estas cookies son v\u00e1lidas durante un a\u00f1o.<\/p>\n\n\n\n<p>Si visita la p\u00e1gina de inicio de sesi\u00f3n, instalaremos una cookie temporal para determinar si su navegador acepta cookies. Esta cookie no contiene datos personales y se elimina cuando cierra el navegador.<\/p>\n\n\n\n<p>Despu\u00e9s de iniciar sesi\u00f3n, tambi\u00e9n estableceremos algunas cookies para guardar su informaci\u00f3n de inicio de sesi\u00f3n y la configuraci\u00f3n de visualizaci\u00f3n de la pantalla. La cookie de inicio de sesi\u00f3n es v\u00e1lida durante dos d\u00edas y la cookie de configuraci\u00f3n de pantalla es v\u00e1lida durante un a\u00f1o. Si elige \"Recordarme\", su informaci\u00f3n de inicio de sesi\u00f3n se guardar\u00e1 durante dos semanas. Cuando cierre la sesi\u00f3n de su cuenta, se borrar\u00e1 la cookie de inicio de sesi\u00f3n.<\/p>\n\n\n\n<p>Si edita o publica un art\u00edculo, se guardar\u00e1 una cookie adicional en su navegador. No contiene ning\u00fan dato personal y simplemente indica el ID del art\u00edculo que acaba de editar. Caduca en un d\u00eda.<\/p>\n\n\n\n<h2 class=\"wp-block-heading\"><strong>Contenido incrustado de otros sitios web<\/strong><\/h2>\n\n\n\n<p>Los art\u00edculos de este sitio pueden contener contenidos incrustados (por ejemplo, v\u00eddeos, im\u00e1genes, art\u00edculos, etc.). El contenido incrustado de otros sitios se comporta de la misma manera que si el visitante hubiera visitado este sitio directamente.<\/p>\n\n\n\n<p>Estos sitios pueden recopilar datos sobre usted, utilizar cookies, incrustar rastreadores adicionales de terceros y rastrear su interacci\u00f3n con dicho contenido incrustado, incluido el rastreo si tiene una cuenta y ha iniciado sesi\u00f3n en ese sitio.<\/p>\n\n\n\n<h2 class=\"wp-block-heading\"><strong>Con qui\u00e9n compartimos sus datos<\/strong><\/h2>\n\n\n\n<p>Si solicita un restablecimiento de contrase\u00f1a, su direcci\u00f3n IP se incluir\u00e1 en el correo electr\u00f3nico de restablecimiento.<\/p>\n\n\n\n<h2 class=\"wp-block-heading\"><strong>Cu\u00e1nto tiempo conservamos sus datos<\/strong><\/h2>\n\n\n\n<p>Cuando deja un comentario, el comentario y sus metadatos se almacenan indefinidamente. Esto permite reconocer y aprobar autom\u00e1ticamente los comentarios posteriores en lugar de retenerlos en una cola de moderaci\u00f3n.<\/p>\n\n\n\n<p>En el caso de los usuarios que se registran en el sitio (si los hay), tambi\u00e9n almacenamos los datos personales que facilitan en su perfil. Todos los usuarios pueden ver, editar o borrar sus datos en cualquier momento (excepto para cambiar su nombre de usuario). Los administradores del sitio tambi\u00e9n pueden ver y editar estos datos.<\/p>\n\n\n\n<h2 class=\"wp-block-heading\"><strong>Sus derechos sobre los datos<\/strong><\/h2>\n\n\n\n<p>Si tiene una cuenta en el sitio o ha dejado comentarios, puede solicitar la exportaci\u00f3n de un archivo que contenga todos los datos personales que tenemos sobre usted, incluidos los datos que nos ha facilitado. Tambi\u00e9n puede solicitar que eliminemos cualquier dato personal que tengamos sobre usted. Esto no se aplica a los datos que estamos obligados a conservar por razones administrativas, legales o de seguridad.<\/p>\n\n\n\n<h2 class=\"wp-block-heading\"><strong>A d\u00f3nde se env\u00edan sus datos<\/strong><\/h2>\n\n\n\n<p>Los comentarios de los visitantes pueden comprobarse mediante un servicio automatizado de detecci\u00f3n de spam.<\/p>","protected":false},"excerpt":{"rendered":"<p>\u0425\u0442\u043e \u043c\u0438 \u0410\u0434\u0440\u0435\u0441\u0430 \u043d\u0430\u0448\u043e\u0433\u043e \u0432\u0435\u0431\u0441\u0430\u0439\u0442\u0443: http:\/\/yourhelpfund.org.ua. \u041a\u043e\u043c\u0435\u043d\u0442\u0430\u0440\u0456 \u041a\u043e\u043b\u0438 \u0432\u0456\u0434\u0432\u0456\u0434\u0443\u0432\u0430\u0447\u0456 \u0437\u0430\u043b\u0438\u0448\u0430\u044e\u0442\u044c \u043a\u043e\u043c\u0435\u043d\u0442\u0430\u0440\u0456 \u043d\u0430 \u0441\u0430\u0439\u0442\u0456, \u043c\u0438 \u0437\u0431\u0438\u0440\u0430\u0454\u043c\u043e \u0434\u0430\u043d\u0456, \u044f\u043a\u0456 \u0432\u043a\u0430\u0437\u0430\u043d\u0456 \u0443 \u0444\u043e\u0440\u043c\u0456 \u043a\u043e\u043c\u0435\u043d\u0442\u0430\u0440\u044f, \u0430 \u0442\u0430\u043a\u043e\u0436 IP-\u0430\u0434\u0440\u0435\u0441\u0443 \u0432\u0456\u0434\u0432\u0456\u0434\u0443\u0432\u0430\u0447\u0430 \u0442\u0430 \u0456\u043d\u0444\u043e\u0440\u043c\u0430\u0446\u0456\u044e \u043f\u0440\u043e \u0431\u0440\u0430\u0443\u0437\u0435\u0440 \u0434\u043b\u044f \u0434\u043e\u043f\u043e\u043c\u043e\u0433\u0438 \u0443 \u0432\u0438\u044f\u0432\u043b\u0435\u043d\u043d\u0456 \u0441\u043f\u0430\u043c\u0443. \u0410\u043d\u043e\u043d\u0456\u043c\u0456\u0437\u043e\u0432\u0430\u043d\u0438\u0439 \u0440\u044f\u0434\u043e\u043a, \u0441\u0442\u0432\u043e\u0440\u0435\u043d\u0438\u0439 \u0437 \u0432\u0430\u0448\u043e\u0457 \u0435\u043b\u0435\u043a\u0442\u0440\u043e\u043d\u043d\u043e\u0457 \u0430\u0434\u0440\u0435\u0441\u0438 (\u0442\u0430\u043a \u0437\u0432\u0430\u043d\u0438\u0439 \u0445\u0435\u0448), \u043c\u043e\u0436\u0435 \u0431\u0443\u0442\u0438 \u043f\u0435\u0440\u0435\u0434\u0430\u043d\u0438\u0439 \u0441\u0435\u0440\u0432\u0456\u0441\u0443 Gravatar, \u0449\u043e\u0431 \u043f\u0435\u0440\u0435\u0432\u0456\u0440\u0438\u0442\u0438, \u0447\u0438 \u0432\u0438 \u0439\u043e\u0433\u043e \u0432\u0438\u043a\u043e\u0440\u0438\u0441\u0442\u043e\u0432\u0443\u0454\u0442\u0435. [&hellip;]<\/p>\n","protected":false},"author":1,"featured_media":0,"parent":0,"menu_order":0,"comment_status":"closed","ping_status":"open","template":"","meta":{"footnotes":""},"class_list":["post-3","page","type-page","status-publish","hentry"],"_links":{"self":[{"href":"https:\/\/yourhelpfund.org.ua\/es\/wp-json\/wp\/v2\/pages\/3","targetHints":{"allow":["GET"]}}],"collection":[{"href":"https:\/\/yourhelpfund.org.ua\/es\/wp-json\/wp\/v2\/pages"}],"about":[{"href":"https:\/\/yourhelpfund.org.ua\/es\/wp-json\/wp\/v2\/types\/page"}],"author":[{"embeddable":true,"href":"https:\/\/yourhelpfund.org.ua\/es\/wp-json\/wp\/v2\/users\/1"}],"replies":[{"embeddable":true,"href":"https:\/\/yourhelpfund.org.ua\/es\/wp-json\/wp\/v2\/comments?post=3"}],"version-history":[{"count":3,"href":"https:\/\/yourhelpfund.org.ua\/es\/wp-json\/wp\/v2\/pages\/3\/revisions"}],"predecessor-version":[{"id":681,"href":"https:\/\/yourhelpfund.org.ua\/es\/wp-json\/wp\/v2\/pages\/3\/revisions\/681"}],"wp:attachment":[{"href":"https:\/\/yourhelpfund.org.ua\/es\/wp-json\/wp\/v2\/media?parent=3"}],"curies":[{"name":"wp","href":"https:\/\/api.w.org\/{rel}","templated":true}]}}