{"id":711,"date":"2025-11-06T14:44:15","date_gmt":"2025-11-06T12:44:15","guid":{"rendered":"https:\/\/yourhelpfund.org.ua\/?page_id=711"},"modified":"2025-11-06T17:54:46","modified_gmt":"2025-11-06T15:54:46","slug":"oferta","status":"publish","type":"page","link":"https:\/\/yourhelpfund.org.ua\/es\/oferta\/","title":{"rendered":"Oferta"},"content":{"rendered":"<div data-elementor-type=\"wp-page\" data-elementor-id=\"711\" class=\"elementor elementor-711\" data-elementor-post-type=\"page\">\n\t\t\t\t<div class=\"elementor-element elementor-element-0e2514a e-flex e-con-boxed e-con e-parent\" data-id=\"0e2514a\" data-element_type=\"container\" data-e-type=\"container\">\n\t\t\t\t\t<div class=\"e-con-inner\">\n\t\t\t\t<div class=\"elementor-element elementor-element-cf13512 elementor-widget elementor-widget-text-editor\" data-id=\"cf13512\" data-element_type=\"widget\" data-e-type=\"widget\" data-widget_type=\"text-editor.default\">\n\t\t\t\t<div class=\"elementor-widget-container\">\n\t\t\t\t\t\t\t\t\t<h1><b>Acuerdo de oferta p\u00fablica para una donaci\u00f3n ben\u00e9fica<\/b><\/h1><p><b>La presente oferta p\u00fablica de donaci\u00f3n ben\u00e9fica (en lo sucesivo, la Oferta)<\/b> dirigido a <b>a un n\u00famero indeterminado de personas<\/b> - a las personas f\u00edsicas y jur\u00eddicas (en lo sucesivo denominadas <b>Fil\u00e1ntropo<\/b>) que visitan el sitio web en Internet: <b>https:\/\/yourhelpfund.org.ua<\/b> (en lo sucesivo denominado <b>P\u00e1gina web.<\/b>), y son <b>una oferta formal y p\u00fablica<\/b><b><\/b><\/p><p><b>Fundaci\u00f3n ben\u00e9fica \"Tu ayuda SA\"<\/b><b><\/b><\/p><p>(C\u00f3digo de identificaci\u00f3n de la persona jur\u00eddica: <b>41450301<\/b>),<\/p><p>en la persona del jefe <b>Igor Viktorovich Timko<\/b>actuando sobre la base de la Carta (en lo sucesivo, la <b>Fundaci\u00f3n<\/b>),<\/p><p>celebran un acuerdo de donaci\u00f3n ben\u00e9fica (en lo sucesivo denominado <b>Contrato<\/b>), cuyo objeto y condiciones materiales se exponen a continuaci\u00f3n:<\/p><p><b>1. T\u00c9RMINOS Y DEFINICIONES<\/b><\/p><p><b>1.1. Oferta p\u00fablica (Oferta)<\/b> - una oferta v\u00e1lida de la Fundaci\u00f3n publicada en el Sitio Web para realizar una donaci\u00f3n ben\u00e9fica dirigida a <b>a un n\u00famero ilimitado de personas<\/b>incluido el Benefactor.<\/p><p><b>1.2. Aceptaci\u00f3n<\/b> - <b>aceptaci\u00f3n plena e incondicional<\/b> Oferta P\u00fablica realizando acciones para efectuar una transferencia de dinero utilizando formularios o medios de pago publicados en el Sitio Web, as\u00ed como transfiriendo fondos a la cuenta corriente del Fondo a trav\u00e9s de entidades bancarias. <b>La fecha de Aceptaci\u00f3n ser\u00e1 la fecha de abono de los fondos en la cuenta bancaria del Fondo.<\/b><b><\/b><\/p><p><b>1.3. Donaci\u00f3n ben\u00e9fica<\/b> - <b>transferencia gratuita<\/b> El Benefactor transferir\u00e1 los fondos a la Fundaci\u00f3n para su posterior utilizaci\u00f3n en la consecuci\u00f3n de los objetivos fijados por <b>Estatuto del Fondo<\/b> y\/o sus programas, de conformidad con la Ley de Ucrania \"Sobre actividades ben\u00e9ficas y organizaciones ben\u00e9ficas\" y el presente Acuerdo.<\/p><p><b>1.4. Benefactor<\/b> - una persona f\u00edsica o jur\u00eddica con capacidad jur\u00eddica que <b>realiza voluntariamente<\/b> uno o varios tipos de actividades ben\u00e9ficas y ha aceptado esta Oferta.<\/p><p><b>2. OBJETO DEL CONTRATO<\/b><\/p><p><b>2.1. El objeto del presente Acuerdo es una transferencia gratuita y voluntaria por parte del Donante a la Fundaci\u00f3n a modo de donaci\u00f3n ben\u00e9fica para apoyar las actividades estatutarias de la Fundaci\u00f3n, que se llevan a cabo a trav\u00e9s del Proyecto de Restauraci\u00f3n destinado a prestar asistencia a hu\u00e9rfanos, ni\u00f1os privados del cuidado parental, ni\u00f1os afectados por la guerra, as\u00ed como a representantes de otras categor\u00edas socialmente vulnerables de la poblaci\u00f3n.<\/b> Las actividades ben\u00e9ficas de la Fundaci\u00f3n se llevan a cabo de conformidad con la Ley de Ucrania \"Sobre actividades ben\u00e9ficas y organizaciones ben\u00e9ficas\" y los Estatutos de la Fundaci\u00f3n.<\/p><p><b>2.2. El Donante determina de forma independiente el importe de la donaci\u00f3n ben\u00e9fica.<\/b><b><\/b><\/p><p><b>2.3. El objeto del presente Acuerdo no constituir\u00e1 lucro (directo o indirecto) para ninguna de las partes.<\/b><b><\/b><\/p><p><b>3. ACEPTACI\u00d3N<\/b><\/p><p><b>3.1 La aceptaci\u00f3n de la Oferta significa que el Donante est\u00e1 de acuerdo con todos los t\u00e9rminos de este Acuerdo, comprende y acepta que la donaci\u00f3n se utilizar\u00e1 para alcanzar los objetivos establecidos en los Estatutos de la Fundaci\u00f3n.<\/b> El texto de la Carta puede ser revisado por el Benefactor enviando una solicitud a la direcci\u00f3n de correo electr\u00f3nico de la Fundaci\u00f3n (v\u00e9ase la Secci\u00f3n 11).<\/p><p><b>3.2. El Donante es plenamente consciente y acepta que la Fundaci\u00f3n tiene derecho a utilizar parte de la donaci\u00f3n ben\u00e9fica para gastos administrativos en la cantidad que no exceda los l\u00edmites establecidos por la legislaci\u00f3n de Ucrania.<\/b><b><\/b><\/p><p><b>3.3 De conformidad con los Art\u00edculos 207, 639, 641, 642 del C\u00f3digo Civil de Ucrania y los Art\u00edculos 6, 7 de la Ley de Ucrania \"Sobre Actividades Ben\u00e9ficas y Organizaciones Ben\u00e9ficas\", desde el momento de la Aceptaci\u00f3n, esta Oferta se considerar\u00e1 un Acuerdo por escrito entre las partes.<\/b> El incumplimiento por las partes de la forma escrita no la invalidar\u00e1.<\/p><p><b>4. DERECHOS Y OBLIGACIONES DEL FONDO<\/b><\/p><p><b>4.1 El Fondo tiene derecho a:<\/b><b><\/b><\/p><p>- <b>recibir Donaciones Ben\u00e9ficas y utilizarlas de conformidad con el objeto y las condiciones del presente Acuerdo;<\/b><b><\/b><\/p><p>- previo acuerdo con el Donante, cambiar el uso de la donaci\u00f3n si se destina a un proyecto espec\u00edfico (dentro del mismo programa ben\u00e9fico) en los casos especificados en la cl\u00e1usula 8.3 del presente documento;<\/p><p>- sin acuerdo adicional con el Benefactor, destinar una parte de la donaci\u00f3n ben\u00e9fica a cubrir <b>gastos administrativos del Fondo<\/b> en la medida establecida por la legislaci\u00f3n de Ucrania.<\/p><p><b>4.2. El Fondo est\u00e1 obligado a:<\/b><b><\/b><\/p><p>- anualmente <b>publicar informes<\/b> sobre el uso de las donaciones recaudadas en forma electr\u00f3nica en el sitio web (si lo hubiera) o en cualquier otro medio p\u00fablico previsto por la ley;<\/p><p>- <b>utilizar las donaciones recibidas exclusivamente para los fines establecidos en los Estatutos de la Fundaci\u00f3n.<\/b><b><\/b><\/p><p><b>5. DERECHOS DEL BENEFACTOR<\/b><\/p><p>El benefactor tiene derecho:<\/p><p>- <b>controlar el uso espec\u00edfico de las donaciones ben\u00e9ficas<\/b> de conformidad con el procedimiento establecido por la legislaci\u00f3n de Ucrania;<\/p><p>- cambiar los beneficiarios (destinatarios) de una donaci\u00f3n ben\u00e9fica de acuerdo con el procedimiento establecido por la ley en caso de que la Fundaci\u00f3n infrinja los fines, las condiciones o el procedimiento para utilizar dicha donaci\u00f3n.<\/p><p><b>6. LUGAR DE RECAUDACI\u00d3N DE FONDOS P\u00daBLICOS<\/b><\/p><p>La recaudaci\u00f3n p\u00fablica de donativos ben\u00e9ficos se lleva a cabo en cualquier pa\u00eds del mundo. Las actividades directas de recaudaci\u00f3n de donativos en virtud del presente Acuerdo se llevar\u00e1n a cabo en la sede de la Fundaci\u00f3n y\/o a trav\u00e9s del Sitio Web (si \u00e9ste se utiliza para aceptar donativos).<\/p><p><b>7. PERIODO DE RECOGIDA DE DONACIONES<\/b><\/p><p>Contin\u00faa la recogida p\u00fablica de donativos <b>indefinidamente<\/b>hasta el cese de las actividades del Fondo (liquidaci\u00f3n) o hasta que se produzcan otras circunstancias determinadas por el Fondo o la legislaci\u00f3n de Ucrania.<\/p><p><b>8. PROCEDIMIENTO DE UTILIZACI\u00d3N DE LAS DONACIONES CARITATIVAS<\/b><\/p><p><b>8.1. Las donaciones caritativas recaudadas en virtud del presente Acuerdo se utilizar\u00e1n de conformidad con los fines estatutarios de la Fundaci\u00f3n.<\/b><b><\/b><\/p><p><b>8.2. Benefactor<\/b> o las personas autorizadas por \u00e9l\/ella tienen derecho a controlar el uso espec\u00edfico de una donaci\u00f3n ben\u00e9fica de acuerdo con el procedimiento establecido por la legislaci\u00f3n de Ucrania.<\/p><p><b>8.3. Si la recaudaci\u00f3n de fondos para un determinado proyecto, evento ben\u00e9fico o actividad (dentro de un determinado programa ben\u00e9fico) finaliza, se agota o se vuelve irrelevante, la Fundaci\u00f3n tiene derecho a asignar los fondos restantes a otro proyecto o actividad dentro del mismo programa ben\u00e9fico sin la aprobaci\u00f3n adicional del Donante.<\/b><b><\/b><\/p><p><b>8.4. Es posible cambiar la finalidad o el procedimiento de utilizaci\u00f3n de una donaci\u00f3n ben\u00e9fica con el consentimiento del Donante<\/b> o sus sucesores, as\u00ed como en base a una decisi\u00f3n judicial o en los casos determinados por la legislaci\u00f3n de Ucrania, salvo en las situaciones descritas en la cl\u00e1usula 8.3 del presente documento.<\/p><p><b>8.5. Devoluci\u00f3n de donaciones<\/b> s\u00f3lo podr\u00e1 ser efectuada por la Fundaci\u00f3n al Benefactor en los casos previstos por la legislaci\u00f3n de Ucrania.\u00a0<\/p><p><b>8.6. Responsabilidad de las partes<\/b> por incumplimiento del presente Acuerdo o del procedimiento de utilizaci\u00f3n de las donaciones ben\u00e9ficas se determinar\u00e1 con arreglo a la legislaci\u00f3n vigente de Ucrania.<\/p><p><b>9. PROCEDIMIENTO DE ACCESO P\u00daBLICO A LOS ESTADOS FINANCIEROS<\/b><\/p><p><b>9.1. Acceso a los estados financieros del Fondo<\/b> se aplica mediante la publicaci\u00f3n anual de dichos informes en el sitio web (si existe) o de otra forma p\u00fablica prevista por la ley.<\/p><p><b>9.2. Otras informaciones<\/b> podr\u00e1 ser proporcionada por el Fondo de conformidad con el procedimiento y en los plazos establecidos por la legislaci\u00f3n de Ucrania.<\/p><p><b>10. 10. OTRAS CONDICIONES<\/b><\/p><p><b>10.1. Todos los gastos relacionados con la transferencia y el abono de la donaci\u00f3n ben\u00e9fica (comisiones bancarias, etc.) correr\u00e1n a cargo del Donante.<\/b><b><\/b><\/p><p><b>10.2. Al realizar la Aceptaci\u00f3n, el Donante confirma que conoce los t\u00e9rminos del Anexo 1 del presente Acuerdo relativos a la recogida y tratamiento de sus datos personales y acepta dicha recogida y tratamiento.<\/b><b><\/b><\/p><p><b>10.3. Benefactor<\/b> acepta que, tras introducir informaci\u00f3n sobre s\u00ed mismo en el Sitio Web y\/o en los formularios de inscripci\u00f3n del Fondo, sus datos de contacto puedan ser utilizados por el Fondo para enviar cartas o mensajes, en particular en formato electr\u00f3nico. Al mismo tiempo, el Fondo se compromete a no transferir los datos de contacto a terceros, salvo en los casos expresamente previstos por la legislaci\u00f3n de Ucrania. Asimismo, con el consentimiento adicional por separado del Donante, sus apellidos, nombre y patron\u00edmico podr\u00e1n publicarse en los medios de comunicaci\u00f3n o en los recursos oficiales en l\u00ednea de la Fundaci\u00f3n.<\/p><p><b>11. UBICACI\u00d3N Y DATOS BANCARIOS DEL FONDO<\/b><\/p><p><b>Fundaci\u00f3n ben\u00e9fica \"TU AYUDA SA\"<\/b><b><\/b><\/p><p>C\u00f3digo de identificaci\u00f3n: <b>41450301<\/b><b><\/b><\/p><p>Ubicaci\u00f3n de la persona jur\u00eddica:<\/p><p>Ucrania, 60024, regi\u00f3n de Chernivtsi, distrito de Dnister, pueblo de Malyntsi, 15 Kobylyanska str.<\/p><p><b>Datos bancarios:<\/b><b><\/b><\/p><p>- Nombre del beneficiario: <b>PORQUE TU AYUDA EST\u00c1 AYUDANDO A LA UAF<\/b><b><\/b><\/p><p>- C\u00f3digo del destinatario (USREOU): <b>41450301<\/b><b><\/b><\/p><p>- La cuenta del destinatario (IBAN): <b>UA913052990000026004041810571<\/b><b><\/b><\/p><p>- Nombre del banco: <b>JSC CB PrivatBank<\/b><b><\/b><\/p><p>Director<\/p><p><b>Igor Viktorovich Tymko<\/b><b><\/b><\/p><h2>\u00a0<\/h2><h2><b>AP\u00c9NDICE N\u00ba 1 al Acuerdo de oferta p\u00fablica de donaci\u00f3n ben\u00e9fica<\/b><\/h2><p>(En relaci\u00f3n con la recogida y el tratamiento de los datos personales del Benefactor)<\/p><p><b>1. CONSENTIMIENTO PARA EL TRATAMIENTO DE DATOS PERSONALES<\/b><\/p><p>El Benefactor, al aceptar la Oferta (mediante transferencia de fondos o rellenando los formularios correspondientes en la p\u00e1gina web de la Fundaci\u00f3n), de conformidad con la Ley de Ucrania \"Sobre Protecci\u00f3n de Datos de Car\u00e1cter Personal\", aporta <b>A la fundaci\u00f3n ben\u00e9fica \"Tu Ayuda SA\"<\/b> (en lo sucesivo, el Fondo) su consentimiento voluntario e incondicional para la recogida, registro, acumulaci\u00f3n, almacenamiento, adaptaci\u00f3n, modificaci\u00f3n, actualizaci\u00f3n, uso y difusi\u00f3n (distribuci\u00f3n, venta, transferencia) y destrucci\u00f3n de sus datos personales (en lo sucesivo, el Tratamiento) para los fines establecidos en el presente Anexo.<\/p><p><b>2. COMPOSICI\u00d3N DE LOS DATOS PERSONALES<\/b><\/p><p>El donante acepta el tratamiento de los datos personales que pueda facilitar durante la donaci\u00f3n:<\/p><p>- <b>Apellidos, nombre y patron\u00edmico (en su caso).<\/b><b><\/b><\/p><p>- <b>Informaci\u00f3n de contacto<\/b> (n\u00famero de tel\u00e9fono, direcci\u00f3n de correo electr\u00f3nico).<\/p><p>- <b>Datos bancarios e informaci\u00f3n de pago<\/b> (importe de la donaci\u00f3n, fecha y hora de la transacci\u00f3n, tipo de sistema de pago), salvo la informaci\u00f3n confidencial sobre el pago (por ejemplo, el n\u00famero completo de la tarjeta), que es procesada directamente por los sistemas de pago.<\/p><p>- <b>Datos recogidos autom\u00e1ticamente<\/b> (direcci\u00f3n IP, informaci\u00f3n del navegador, localizaci\u00f3n) utilizadas para el correcto funcionamiento del Sitio Web y estad\u00edsticas.<\/p><p>- <b>Informaci\u00f3n adicional<\/b>proporcionada por el Benefactor de forma voluntaria.<\/p><p><b>3. FINALIDAD DEL TRATAMIENTO DE DATOS<\/b><\/p><p>El tratamiento de los datos personales del Donante se lleva a cabo exclusivamente con este fin:<\/p><p>- <b>Cumplimiento adecuado de los t\u00e9rminos del Acuerdo<\/b> oferta p\u00fablica y cumplimiento de los requisitos de la legislaci\u00f3n ucraniana sobre actividades ben\u00e9ficas y presentaci\u00f3n de informes (en particular, mantenimiento de registros de donaciones ben\u00e9ficas).<\/p><p>- <b>Comunicaci\u00f3n con el benefactor<\/b> (suministro de informaci\u00f3n sobre la Fundaci\u00f3n, env\u00edo de informes sobre la utilizaci\u00f3n de las donaciones, as\u00ed como de material informativo y\/o publicitario de la Fundaci\u00f3n - de conformidad con la cl\u00e1usula 10.3 de la Oferta).<\/p><p>- <b>Mantenimiento de estad\u00edsticas y an\u00e1lisis internos del Fondo.<\/b><b><\/b><\/p><p>- <b>Divulgaci\u00f3n p\u00fablica de informaci\u00f3n sobre los Benefactores<\/b> (NOMBRE Y APELLIDOS) <b>s\u00f3lo con el consentimiento adicional por separado del Benefactor<\/b>.<\/p><p><b>4. DERECHOS DEL BENEFACTOR<\/b><\/p><p>El Benefactor confirma que se le han notificado sus derechos como titular de datos personales de conformidad con el art\u00edculo 8 de la Ley de Protecci\u00f3n de Datos Personales de Ucrania, a saber<\/p><p>- Conozca las fuentes de recogida y la ubicaci\u00f3n de sus datos personales.<\/p><p>- Recibir informaci\u00f3n sobre las condiciones de acceso a los datos personales.<\/p><p>- Presentar una solicitud motivada a la Caja con una objeci\u00f3n al tratamiento de datos.<\/p><p>- Presentar una solicitud motivada de modificaci\u00f3n o destrucci\u00f3n de los datos.<\/p><p>- Retirar el consentimiento para el tratamiento de datos personales.<\/p><p>- Ejercer otros derechos previstos por la legislaci\u00f3n de Ucrania.<\/p><p><b>5. CONDICIONES DE ALMACENAMIENTO Y APERTURA<\/b><\/p><p>- <b>La Fundaci\u00f3n se compromete a adoptar las medidas necesarias<\/b> proteger los datos personales contra el acceso, la alteraci\u00f3n, la divulgaci\u00f3n o la destrucci\u00f3n no autorizados.<\/p><p>- <b>Los datos personales pueden comunicarse a<\/b> a terceros (por ejemplo, bancos, sistemas de pago, auditores) s\u00f3lo en los casos previstos por la legislaci\u00f3n de Ucrania o si es necesario para que el Fondo cumpla sus objetivos estatutarios.<\/p><p>- <b>Per\u00edodo de conservaci\u00f3n de los datos<\/b> se determina de conformidad con los requisitos de la legislaci\u00f3n vigente y los documentos estatutarios de la Caja.<\/p><p>El presente Anexo n\u00ba 1 entrar\u00e1 en vigor simult\u00e1neamente con el Acuerdo de Oferta P\u00fablica.<\/p><p>Ser\u00e1 parte integrante del Acuerdo principal, y su aceptaci\u00f3n (Aceptaci\u00f3n) se confirmar\u00e1 mediante las acciones del Benefactor descritas en la Oferta.<\/p>\t\t\t\t\t\t\t\t<\/div>\n\t\t\t\t<\/div>\n\t\t\t\t\t<\/div>\n\t\t\t\t<\/div>\n\t\t\t\t<\/div>","protected":false},"excerpt":{"rendered":"<p>\u0414\u043e\u0433\u043e\u0432\u0456\u0440 \u043f\u0443\u0431\u043b\u0456\u0447\u043d\u043e\u0457 \u043e\u0444\u0435\u0440\u0442\u0438 \u043f\u0440\u043e \u043d\u0430\u0434\u0430\u043d\u043d\u044f \u0431\u043b\u0430\u0433\u043e\u0434\u0456\u0439\u043d\u043e\u0457 \u043f\u043e\u0436\u0435\u0440\u0442\u0432\u0438 \u0426\u044f \u043f\u0443\u0431\u043b\u0456\u0447\u043d\u0430 \u043e\u0444\u0435\u0440\u0442\u0430 \u043f\u0440\u043e \u043d\u0430\u0434\u0430\u043d\u043d\u044f \u0431\u043b\u0430\u0433\u043e\u0434\u0456\u0439\u043d\u043e\u0457 \u043f\u043e\u0436\u0435\u0440\u0442\u0432\u0438 (\u043d\u0430\u0434\u0430\u043b\u0456 \u2013 \u041e\u0444\u0435\u0440\u0442\u0430) \u0430\u0434\u0440\u0435\u0441\u043e\u0432\u0430\u043d\u0430 \u043d\u0435\u0432\u0438\u0437\u043d\u0430\u0447\u0435\u043d\u043e\u043c\u0443 \u043a\u043e\u043b\u0443 \u043e\u0441\u0456\u0431 \u2013 \u0444\u0456\u0437\u0438\u0447\u043d\u0438\u043c \u0442\u0430 \u044e\u0440\u0438\u0434\u0438\u0447\u043d\u0438\u043c \u043e\u0441\u043e\u0431\u0430\u043c (\u043d\u0430\u0434\u0430\u043b\u0456 \u2013 \u0411\u043b\u0430\u0433\u043e\u0434\u0456\u0439\u043d\u0438\u043a), \u0449\u043e \u0454 \u0432\u0456\u0434\u0432\u0456\u0434\u0443\u0432\u0430\u0447\u0430\u043c\u0438 \u0432\u0435\u0431\u0441\u0430\u0439\u0442\u0443 \u0443 \u043c\u0435\u0440\u0435\u0436\u0456 \u0406\u043d\u0442\u0435\u0440\u043d\u0435\u0442: https:\/\/yourhelpfund.org.ua (\u043d\u0430\u0434\u0430\u043b\u0456 \u2013 \u0421\u0430\u0439\u0442), \u0456 \u0454 \u043e\u0444\u0456\u0446\u0456\u0439\u043d\u043e\u044e \u0442\u0430 \u043f\u0443\u0431\u043b\u0456\u0447\u043d\u043e\u044e \u043f\u0440\u043e\u043f\u043e\u0437\u0438\u0446\u0456\u0454\u044e \u0411\u043b\u0430\u0433\u043e\u0434\u0456\u0439\u043d\u043e\u0433\u043e \u0444\u043e\u043d\u0434\u0443 \u00ab\u0422\u0432\u043e\u044f \u0414\u043e\u043f\u043e\u043c\u043e\u0433\u0430 \u042e\u0410\u00bb (\u0406\u0434\u0435\u043d\u0442\u0438\u0444\u0456\u043a\u0430\u0446\u0456\u0439\u043d\u0438\u0439 \u043a\u043e\u0434 \u044e\u0440\u0438\u0434\u0438\u0447\u043d\u043e\u0457 \u043e\u0441\u043e\u0431\u0438: [&hellip;]<\/p>\n","protected":false},"author":1,"featured_media":0,"parent":0,"menu_order":0,"comment_status":"closed","ping_status":"closed","template":"","meta":{"footnotes":""},"class_list":["post-711","page","type-page","status-publish","hentry"],"_links":{"self":[{"href":"https:\/\/yourhelpfund.org.ua\/es\/wp-json\/wp\/v2\/pages\/711","targetHints":{"allow":["GET"]}}],"collection":[{"href":"https:\/\/yourhelpfund.org.ua\/es\/wp-json\/wp\/v2\/pages"}],"about":[{"href":"https:\/\/yourhelpfund.org.ua\/es\/wp-json\/wp\/v2\/types\/page"}],"author":[{"embeddable":true,"href":"https:\/\/yourhelpfund.org.ua\/es\/wp-json\/wp\/v2\/users\/1"}],"replies":[{"embeddable":true,"href":"https:\/\/yourhelpfund.org.ua\/es\/wp-json\/wp\/v2\/comments?post=711"}],"version-history":[{"count":16,"href":"https:\/\/yourhelpfund.org.ua\/es\/wp-json\/wp\/v2\/pages\/711\/revisions"}],"predecessor-version":[{"id":747,"href":"https:\/\/yourhelpfund.org.ua\/es\/wp-json\/wp\/v2\/pages\/711\/revisions\/747"}],"wp:attachment":[{"href":"https:\/\/yourhelpfund.org.ua\/es\/wp-json\/wp\/v2\/media?parent=711"}],"curies":[{"name":"wp","href":"https:\/\/api.w.org\/{rel}","templated":true}]}}