{"id":3,"date":"2025-06-29T20:21:51","date_gmt":"2025-06-29T20:21:51","guid":{"rendered":"http:\/\/yourhelpfund.org.ua\/?page_id=3"},"modified":"2025-08-16T22:35:54","modified_gmt":"2025-08-16T20:35:54","slug":"politique-de-confidentialite","status":"publish","type":"page","link":"https:\/\/yourhelpfund.org.ua\/fr\/politique-de-confidentialite\/","title":{"rendered":"Politique de confidentialit\u00e9"},"content":{"rendered":"<h2 class=\"wp-block-heading\"><strong>Qui sommes-nous ?<\/strong><\/h2>\n\n\n\n<p>L'adresse de notre site web : <a class=\"\" href=\"http:\/\/yourhelpfund.org.ua\/fr\/\">http:\/\/yourhelpfund.org.ua<\/a>.<\/p>\n\n\n\n<h2 class=\"wp-block-heading\"><strong>Commentaires.<\/strong><\/h2>\n\n\n\n<p>Lorsque les visiteurs laissent des commentaires sur le site web, nous collectons les donn\u00e9es sp\u00e9cifi\u00e9es dans le formulaire de commentaire, ainsi que l'adresse IP du visiteur et les informations relatives au navigateur pour nous aider \u00e0 d\u00e9tecter les spams.<\/p>\n\n\n\n<p>Une cha\u00eene anonyme cr\u00e9\u00e9e \u00e0 partir de votre adresse \u00e9lectronique (le \"hash\") peut \u00eatre transmise au service Gravatar pour v\u00e9rifier si vous l'utilisez. La politique de confidentialit\u00e9 de Gravatar est disponible ici : <a class=\"\" href=\"https:\/\/automattic.com\/privacy\/\">https:\/\/automattic.com\/privacy\/<\/a>. Une fois le commentaire approuv\u00e9, votre photo de profil sera visible publiquement \u00e0 c\u00f4t\u00e9 de votre commentaire.<\/p>\n\n\n\n<h2 class=\"wp-block-heading\"><strong>Les m\u00e9dias.<\/strong><\/h2>\n\n\n\n<p>Si vous t\u00e9l\u00e9chargez des images sur votre site, \u00e9vitez de t\u00e9l\u00e9charger des fichiers contenant des donn\u00e9es de localisation (EXIF GPS). Les visiteurs du site peuvent t\u00e9l\u00e9charger les images et recevoir ces donn\u00e9es.<\/p>\n\n\n\n<h2 class=\"wp-block-heading\"><strong>Cookies<\/strong><\/h2>\n\n\n\n<p>Si vous laissez un commentaire sur notre site web, vous pouvez accepter que votre nom, votre adresse \u00e9lectronique et votre site web soient stock\u00e9s dans un cookie. Cela vous permet de ne pas avoir \u00e0 saisir \u00e0 nouveau ces informations la prochaine fois que vous laisserez un commentaire. Ces cookies sont valables pendant un an.<\/p>\n\n\n\n<p>Si vous visitez la page de connexion, nous installerons un cookie temporaire pour d\u00e9terminer si votre navigateur accepte les cookies. Ce cookie ne contient aucune donn\u00e9e personnelle et est supprim\u00e9 lorsque vous fermez votre navigateur.<\/p>\n\n\n\n<p>Apr\u00e8s votre connexion, nous installerons \u00e9galement quelques cookies pour sauvegarder vos informations de connexion et les param\u00e8tres d'affichage de l'\u00e9cran. Le cookie de connexion est valable deux jours et le cookie de configuration de l'\u00e9cran est valable un an. Si vous choisissez l'option \"Se souvenir de moi\", vos informations de connexion seront stock\u00e9es pendant deux semaines. Lorsque vous vous d\u00e9connectez de votre compte, le cookie de connexion est supprim\u00e9.<\/p>\n\n\n\n<p>Si vous modifiez ou publiez un article, un cookie suppl\u00e9mentaire sera enregistr\u00e9 dans votre navigateur. Il ne contient aucune donn\u00e9e personnelle et indique simplement l'identifiant de l'article que vous venez de modifier. Il expire dans un jour.<\/p>\n\n\n\n<h2 class=\"wp-block-heading\"><strong>Contenu int\u00e9gr\u00e9 d'autres sites web<\/strong><\/h2>\n\n\n\n<p>Les articles de ce site peuvent contenir du contenu int\u00e9gr\u00e9 (par exemple des vid\u00e9os, des images, des articles, etc.). Les contenus int\u00e9gr\u00e9s provenant d'autres sites se comportent de la m\u00eame mani\u00e8re que si le visiteur s'\u00e9tait rendu directement sur ce site.<\/p>\n\n\n\n<p>Ces sites peuvent collecter des donn\u00e9es vous concernant, utiliser des cookies, int\u00e9grer des traceurs tiers suppl\u00e9mentaires et suivre votre interaction avec le contenu int\u00e9gr\u00e9, y compris si vous avez un compte et si vous \u00eates connect\u00e9 \u00e0 ce site.<\/p>\n\n\n\n<h2 class=\"wp-block-heading\"><strong>Avec qui nous partageons vos donn\u00e9es<\/strong><\/h2>\n\n\n\n<p>Si vous demandez une r\u00e9initialisation de votre mot de passe, votre adresse IP sera incluse dans l'e-mail de r\u00e9initialisation.<\/p>\n\n\n\n<h2 class=\"wp-block-heading\"><strong>Dur\u00e9e de conservation des donn\u00e9es<\/strong><\/h2>\n\n\n\n<p>Lorsque vous laissez un commentaire, celui-ci et ses m\u00e9tadonn\u00e9es sont stock\u00e9s ind\u00e9finiment. Cela vous permet de reconna\u00eetre et d'approuver automatiquement les commentaires suivants au lieu de les garder dans une file d'attente de mod\u00e9ration.<\/p>\n\n\n\n<p>Pour les utilisateurs qui s'inscrivent sur le site (le cas \u00e9ch\u00e9ant), nous stockons \u00e9galement les donn\u00e9es personnelles qu'ils fournissent dans leur profil. Tous les utilisateurs peuvent consulter, modifier ou supprimer leurs donn\u00e9es \u00e0 tout moment (\u00e0 l'exception du changement de leur nom d'utilisateur). Les administrateurs du site peuvent \u00e9galement consulter et modifier ces donn\u00e9es.<\/p>\n\n\n\n<h2 class=\"wp-block-heading\"><strong>Vos droits en mati\u00e8re de donn\u00e9es<\/strong><\/h2>\n\n\n\n<p>Si vous avez un compte sur le site ou si vous avez laiss\u00e9 des commentaires, vous pouvez demander l'exportation d'un fichier contenant toutes les donn\u00e9es personnelles que nous d\u00e9tenons \u00e0 votre sujet, y compris les donn\u00e9es que vous nous avez fournies. Vous pouvez \u00e9galement nous demander de supprimer toutes les donn\u00e9es \u00e0 caract\u00e8re personnel que nous d\u00e9tenons \u00e0 votre sujet. Ceci ne s'applique pas aux donn\u00e9es que nous sommes tenus de conserver pour des raisons administratives, juridiques ou de s\u00e9curit\u00e9.<\/p>\n\n\n\n<h2 class=\"wp-block-heading\"><strong>O\u00f9 vos donn\u00e9es sont-elles envoy\u00e9es ?<\/strong><\/h2>\n\n\n\n<p>Les commentaires des visiteurs peuvent \u00eatre contr\u00f4l\u00e9s par un service automatis\u00e9 de d\u00e9tection des spams.<\/p>","protected":false},"excerpt":{"rendered":"<p>\u0425\u0442\u043e \u043c\u0438 \u0410\u0434\u0440\u0435\u0441\u0430 \u043d\u0430\u0448\u043e\u0433\u043e \u0432\u0435\u0431\u0441\u0430\u0439\u0442\u0443: http:\/\/yourhelpfund.org.ua. \u041a\u043e\u043c\u0435\u043d\u0442\u0430\u0440\u0456 \u041a\u043e\u043b\u0438 \u0432\u0456\u0434\u0432\u0456\u0434\u0443\u0432\u0430\u0447\u0456 \u0437\u0430\u043b\u0438\u0448\u0430\u044e\u0442\u044c \u043a\u043e\u043c\u0435\u043d\u0442\u0430\u0440\u0456 \u043d\u0430 \u0441\u0430\u0439\u0442\u0456, \u043c\u0438 \u0437\u0431\u0438\u0440\u0430\u0454\u043c\u043e \u0434\u0430\u043d\u0456, \u044f\u043a\u0456 \u0432\u043a\u0430\u0437\u0430\u043d\u0456 \u0443 \u0444\u043e\u0440\u043c\u0456 \u043a\u043e\u043c\u0435\u043d\u0442\u0430\u0440\u044f, \u0430 \u0442\u0430\u043a\u043e\u0436 IP-\u0430\u0434\u0440\u0435\u0441\u0443 \u0432\u0456\u0434\u0432\u0456\u0434\u0443\u0432\u0430\u0447\u0430 \u0442\u0430 \u0456\u043d\u0444\u043e\u0440\u043c\u0430\u0446\u0456\u044e \u043f\u0440\u043e \u0431\u0440\u0430\u0443\u0437\u0435\u0440 \u0434\u043b\u044f \u0434\u043e\u043f\u043e\u043c\u043e\u0433\u0438 \u0443 \u0432\u0438\u044f\u0432\u043b\u0435\u043d\u043d\u0456 \u0441\u043f\u0430\u043c\u0443. \u0410\u043d\u043e\u043d\u0456\u043c\u0456\u0437\u043e\u0432\u0430\u043d\u0438\u0439 \u0440\u044f\u0434\u043e\u043a, \u0441\u0442\u0432\u043e\u0440\u0435\u043d\u0438\u0439 \u0437 \u0432\u0430\u0448\u043e\u0457 \u0435\u043b\u0435\u043a\u0442\u0440\u043e\u043d\u043d\u043e\u0457 \u0430\u0434\u0440\u0435\u0441\u0438 (\u0442\u0430\u043a \u0437\u0432\u0430\u043d\u0438\u0439 \u0445\u0435\u0448), \u043c\u043e\u0436\u0435 \u0431\u0443\u0442\u0438 \u043f\u0435\u0440\u0435\u0434\u0430\u043d\u0438\u0439 \u0441\u0435\u0440\u0432\u0456\u0441\u0443 Gravatar, \u0449\u043e\u0431 \u043f\u0435\u0440\u0435\u0432\u0456\u0440\u0438\u0442\u0438, \u0447\u0438 \u0432\u0438 \u0439\u043e\u0433\u043e \u0432\u0438\u043a\u043e\u0440\u0438\u0441\u0442\u043e\u0432\u0443\u0454\u0442\u0435. [&hellip;]<\/p>\n","protected":false},"author":1,"featured_media":0,"parent":0,"menu_order":0,"comment_status":"closed","ping_status":"open","template":"","meta":{"footnotes":""},"class_list":["post-3","page","type-page","status-publish","hentry"],"_links":{"self":[{"href":"https:\/\/yourhelpfund.org.ua\/fr\/wp-json\/wp\/v2\/pages\/3","targetHints":{"allow":["GET"]}}],"collection":[{"href":"https:\/\/yourhelpfund.org.ua\/fr\/wp-json\/wp\/v2\/pages"}],"about":[{"href":"https:\/\/yourhelpfund.org.ua\/fr\/wp-json\/wp\/v2\/types\/page"}],"author":[{"embeddable":true,"href":"https:\/\/yourhelpfund.org.ua\/fr\/wp-json\/wp\/v2\/users\/1"}],"replies":[{"embeddable":true,"href":"https:\/\/yourhelpfund.org.ua\/fr\/wp-json\/wp\/v2\/comments?post=3"}],"version-history":[{"count":3,"href":"https:\/\/yourhelpfund.org.ua\/fr\/wp-json\/wp\/v2\/pages\/3\/revisions"}],"predecessor-version":[{"id":681,"href":"https:\/\/yourhelpfund.org.ua\/fr\/wp-json\/wp\/v2\/pages\/3\/revisions\/681"}],"wp:attachment":[{"href":"https:\/\/yourhelpfund.org.ua\/fr\/wp-json\/wp\/v2\/media?parent=3"}],"curies":[{"name":"wp","href":"https:\/\/api.w.org\/{rel}","templated":true}]}}