{"id":711,"date":"2025-11-06T14:44:15","date_gmt":"2025-11-06T12:44:15","guid":{"rendered":"https:\/\/yourhelpfund.org.ua\/?page_id=711"},"modified":"2025-11-06T17:54:46","modified_gmt":"2025-11-06T15:54:46","slug":"oferta","status":"publish","type":"page","link":"https:\/\/yourhelpfund.org.ua\/fr\/oferta\/","title":{"rendered":"Offre"},"content":{"rendered":"<div data-elementor-type=\"wp-page\" data-elementor-id=\"711\" class=\"elementor elementor-711\" data-elementor-post-type=\"page\">\n\t\t\t\t<div class=\"elementor-element elementor-element-0e2514a e-flex e-con-boxed e-con e-parent\" data-id=\"0e2514a\" data-element_type=\"container\" data-e-type=\"container\">\n\t\t\t\t\t<div class=\"e-con-inner\">\n\t\t\t\t<div class=\"elementor-element elementor-element-cf13512 elementor-widget elementor-widget-text-editor\" data-id=\"cf13512\" data-element_type=\"widget\" data-e-type=\"widget\" data-widget_type=\"text-editor.default\">\n\t\t\t\t<div class=\"elementor-widget-container\">\n\t\t\t\t\t\t\t\t\t<h1><b>Convention d'offre publique pour un don de charit\u00e9<\/b><\/h1><p><b>La pr\u00e9sente offre publique de don caritatif (ci-apr\u00e8s d\u00e9nomm\u00e9e \"l'offre\")<\/b> adress\u00e9e <b>\u00e0 un nombre ind\u00e9fini de personnes<\/b> - aux personnes physiques et morales (ci-apr\u00e8s d\u00e9nomm\u00e9es <b>Philanthrope<\/b>) qui visitent le site sur Internet : <b>https:\/\/yourhelpfund.org.ua<\/b> (ci-apr\u00e8s d\u00e9nomm\u00e9 <b>Site web.<\/b>), et sont <b>une offre formelle et publique<\/b><b><\/b><\/p><p><b>Fondation caritative \"Your Help SA\" (Votre aide SA)<\/b><b><\/b><\/p><p>(Code d'identification de l'entit\u00e9 l\u00e9gale : <b>41450301<\/b>),<\/p><p>en la personne du chef <b>Igor Viktorovich Timko<\/b>agissant sur la base de la Charte (ci-apr\u00e8s - le <b>Fondation<\/b>),<\/p><p>concluent un accord de don de bienfaisance (ci-apr\u00e8s d\u00e9nomm\u00e9 <b>Contrat<\/b>), dont l'objet et les conditions mat\u00e9rielles sont expos\u00e9s ci-dessous :<\/p><p><b>1. TERMES ET D\u00c9FINITIONS<\/b><\/p><p><b>1.1. Offre publique (Offre)<\/b> - une offre valide de la Fondation publi\u00e9e sur le site web pour faire un don de bienfaisance \u00e0 l'adresse suivante <b>\u00e0 un nombre illimit\u00e9 de personnes<\/b>y compris le bienfaiteur.<\/p><p><b>1.2. Acceptation<\/b> - <b>acceptation totale et inconditionnelle<\/b> Offre publique en effectuant des op\u00e9rations de transfert d'argent \u00e0 l'aide de formulaires ou de moyens de paiement affich\u00e9s sur le site web, ainsi qu'en transf\u00e9rant des fonds sur le compte courant du Fonds par l'interm\u00e9diaire d'institutions bancaires. <b>La date d'acceptation est la date \u00e0 laquelle les fonds sont cr\u00e9dit\u00e9s sur le compte bancaire du Fonds.<\/b><b><\/b><\/p><p><b>1.3. Donations caritatives<\/b> - <b>transfert gratuit<\/b> Le bienfaiteur transf\u00e8re les fonds \u00e0 la Fondation pour qu'elle les utilise en vue d'atteindre les objectifs fix\u00e9s par <b>Statut du Fonds<\/b> et\/ou ses programmes, conform\u00e9ment \u00e0 la loi ukrainienne sur les activit\u00e9s caritatives et les organisations caritatives et au pr\u00e9sent accord.<\/p><p><b>1.4. Bienfaiteur<\/b> - une personne physique ou morale juridiquement capable qui <b>effectue volontairement<\/b> un ou plusieurs types d'activit\u00e9s caritatives et a accept\u00e9 cette offre.<\/p><p><b>2. OBJET DU CONTRAT<\/b><\/p><p><b>2.1. L'objet du pr\u00e9sent accord est un transfert libre et volontaire du donateur \u00e0 la Fondation sous la forme d'un don caritatif destin\u00e9 \u00e0 soutenir les activit\u00e9s statutaires de la Fondation, qui sont mises en \u0153uvre dans le cadre du projet de restauration visant \u00e0 fournir une assistance aux orphelins, aux enfants priv\u00e9s de soins parentaux, aux enfants touch\u00e9s par la guerre, ainsi qu'aux repr\u00e9sentants d'autres cat\u00e9gories socialement vuln\u00e9rables de la population.<\/b> Les activit\u00e9s caritatives de la Fondation sont men\u00e9es conform\u00e9ment \u00e0 la loi ukrainienne \"sur les activit\u00e9s caritatives et les organisations caritatives\" et \u00e0 la charte de la Fondation.<\/p><p><b>2.2. Le montant du don caritatif est d\u00e9termin\u00e9 par le donateur de mani\u00e8re ind\u00e9pendante.<\/b><b><\/b><\/p><p><b>2.3. L'objet du pr\u00e9sent accord ne doit pas \u00eatre source de profit (direct ou indirect) pour l'une ou l'autre des parties.<\/b><b><\/b><\/p><p><b>3. ACCEPTATION<\/b><\/p><p><b>3.1 L'acceptation de l'offre signifie que le donateur accepte toutes les conditions du pr\u00e9sent accord, comprend et accepte que la donation soit utilis\u00e9e pour atteindre les objectifs d\u00e9finis dans la Charte de la Fondation.<\/b> Le texte de la Charte peut \u00eatre revu par le bienfaiteur en envoyant une demande \u00e0 l'adresse \u00e9lectronique de la Fondation (voir article 11).<\/p><p><b>3.2. Le donateur est pleinement conscient et accepte que la Fondation ait le droit d'utiliser une partie de la donation caritative pour des d\u00e9penses administratives dont le montant ne d\u00e9passe pas les limites fix\u00e9es par la l\u00e9gislation ukrainienne.<\/b><b><\/b><\/p><p><b>3.3 Conform\u00e9ment aux articles 207, 639, 641 et 642 du code civil ukrainien et aux articles 6 et 7 de la loi ukrainienne sur les activit\u00e9s caritatives et les organisations caritatives, la pr\u00e9sente offre est r\u00e9put\u00e9e constituer un accord \u00e9crit entre les parties \u00e0 partir du moment o\u00f9 elle est accept\u00e9e.<\/b> Le non-respect de la forme \u00e9crite par les parties n'entra\u00eene pas sa nullit\u00e9.<\/p><p><b>4. DROITS ET OBLIGATIONS DU FONDS<\/b><\/p><p><b>4.1 Le Fonds a le droit de :<\/b><b><\/b><\/p><p>- <b>recevoir des dons de bienfaisance et les utiliser conform\u00e9ment \u00e0 l'objet et aux conditions du pr\u00e9sent accord ;<\/b><b><\/b><\/p><p>- apr\u00e8s accord pr\u00e9alable avec le Donateur, changer l'affectation de la donation si elle est destin\u00e9e \u00e0 un projet sp\u00e9cifique (au sein d'un m\u00eame programme caritatif) dans les cas sp\u00e9cifi\u00e9s \u00e0 l'article 8.3 du pr\u00e9sent r\u00e8glement ;<\/p><p>- sans accord suppl\u00e9mentaire avec le bienfaiteur, affecter une partie du don de bienfaisance \u00e0 la couverture des d\u00e9penses suivantes <b>les d\u00e9penses administratives du Fonds<\/b> dans la mesure pr\u00e9vue par la l\u00e9gislation ukrainienne.<\/p><p><b>4.2. Le Fonds est tenu de :<\/b><b><\/b><\/p><p>- annuellement <b>publier des rapports<\/b> sur l'utilisation des dons collect\u00e9s sous forme \u00e9lectronique sur le site web (le cas \u00e9ch\u00e9ant) ou par tout autre moyen public pr\u00e9vu par la loi ;<\/p><p>- <b>d'utiliser les dons re\u00e7us exclusivement aux fins \u00e9nonc\u00e9es dans l'acte constitutif de la fondation.<\/b><b><\/b><\/p><p><b>5. DROITS DU BIENFAITEUR<\/b><\/p><p>Le bienfaiteur a le droit :<\/p><p>- <b>contr\u00f4ler l'utilisation cibl\u00e9e des dons de charit\u00e9<\/b> conform\u00e9ment \u00e0 la proc\u00e9dure \u00e9tablie par la l\u00e9gislation ukrainienne ;<\/p><p>- changer les b\u00e9n\u00e9ficiaires d'un don de charit\u00e9 conform\u00e9ment \u00e0 la proc\u00e9dure \u00e9tablie par la loi au cas o\u00f9 la Fondation enfreindrait les objectifs, les conditions ou la proc\u00e9dure d'utilisation d'un tel don.<\/p><p><b>6. LIEU DE LA COLLECTE PUBLIQUE DE FONDS<\/b><\/p><p>La collecte publique de dons de bienfaisance s'effectue dans n'importe quel pays du monde. Les activit\u00e9s directes de collecte de dons dans le cadre du pr\u00e9sent accord sont men\u00e9es sur le site de la Fondation et\/ou par l'interm\u00e9diaire du site web (si le site web est utilis\u00e9 pour accepter des dons).<\/p><p><b>7. P\u00c9RIODE DE COLLECTE DES DONS<\/b><\/p><p>La collecte publique de dons se poursuit <b>ind\u00e9finiment<\/b>jusqu'\u00e0 la cessation des activit\u00e9s du Fonds (liquidation) ou jusqu'\u00e0 la survenance d'autres circonstances d\u00e9termin\u00e9es par le Fonds ou la l\u00e9gislation ukrainienne.<\/p><p><b>8. LA PROC\u00c9DURE D'UTILISATION DES DONS DE CHARIT\u00c9<\/b><\/p><p><b>8.1. Les dons de bienfaisance collect\u00e9s en vertu du pr\u00e9sent accord sont utilis\u00e9s conform\u00e9ment aux objectifs statutaires de la Fondation.<\/b><b><\/b><\/p><p><b>8.2. Bienfaiteur<\/b> ou les personnes autoris\u00e9es par lui ont le droit de contr\u00f4ler l'utilisation cibl\u00e9e d'un don de bienfaisance conform\u00e9ment \u00e0 la proc\u00e9dure \u00e9tablie par la l\u00e9gislation ukrainienne.<\/p><p><b>8.3. Si la collecte de fonds pour un projet, un \u00e9v\u00e9nement caritatif ou une activit\u00e9 (au sein d'un programme caritatif particulier) est termin\u00e9e, \u00e9puis\u00e9e ou devient sans objet, la Fondation a le droit d'allouer les fonds restants \u00e0 un autre projet ou une autre activit\u00e9 au sein du m\u00eame programme caritatif sans approbation suppl\u00e9mentaire du donateur.<\/b><b><\/b><\/p><p><b>8.4. Il est possible de modifier la finalit\u00e9 ou la proc\u00e9dure d'utilisation d'une donation caritative avec le consentement du donateur.<\/b> ou ses successeurs, ainsi que sur la base d'une d\u00e9cision de justice ou dans les cas d\u00e9termin\u00e9s par la l\u00e9gislation ukrainienne, \u00e0 l'exception des situations d\u00e9crites \u00e0 la clause 8.3 des pr\u00e9sentes.<\/p><p><b>8.5. Retour des dons<\/b> ne peut \u00eatre faite par la Fondation au B\u00e9n\u00e9ficiaire que dans les cas pr\u00e9vus par la l\u00e9gislation ukrainienne.\u00a0<\/p><p><b>8.6. Responsabilit\u00e9 des parties<\/b> En cas de violation du pr\u00e9sent accord ou de la proc\u00e9dure d'utilisation des dons de bienfaisance, la l\u00e9gislation ukrainienne en vigueur s'applique.<\/p><p><b>9. PROC\u00c9DURE D'ACC\u00c8S DU PUBLIC AUX \u00c9TATS FINANCIERS<\/b><\/p><p><b>9.1. Acc\u00e8s aux \u00e9tats financiers du Fonds<\/b> est mis en \u0153uvre par la publication annuelle de ces rapports sur le site web (le cas \u00e9ch\u00e9ant) ou d'une autre mani\u00e8re publique pr\u00e9vue par la loi.<\/p><p><b>9.2. Autres informations<\/b> peuvent \u00eatre fournis par le Fonds conform\u00e9ment \u00e0 la proc\u00e9dure et dans les d\u00e9lais pr\u00e9vus par la l\u00e9gislation ukrainienne.<\/p><p><b>10. 10. AUTRES CONDITIONS<\/b><\/p><p><b>10.1. Tous les frais li\u00e9s au transfert et au cr\u00e9dit de la donation (frais bancaires, etc.) sont \u00e0 la charge du donateur.<\/b><b><\/b><\/p><p><b>10.2. Par son acceptation, le donateur confirme qu'il a pris connaissance des termes de l'annexe 1 du pr\u00e9sent accord concernant la collecte et le traitement de ses donn\u00e9es \u00e0 caract\u00e8re personnel et qu'il accepte cette collecte et ce traitement.<\/b><b><\/b><\/p><p><b>10.3. Bienfaiteur<\/b> accepte qu'apr\u00e8s avoir saisi des informations le concernant sur le site Internet et\/ou dans les formulaires d'inscription du Fonds, ses coordonn\u00e9es puissent \u00eatre utilis\u00e9es par le Fonds pour l'envoi de lettres ou de messages, notamment sous forme \u00e9lectronique. Dans le m\u00eame temps, le Fonds s'engage \u00e0 ne pas transf\u00e9rer les coordonn\u00e9es \u00e0 des tiers, sauf dans les cas express\u00e9ment pr\u00e9vus par la l\u00e9gislation ukrainienne. En outre, avec l'accord suppl\u00e9mentaire s\u00e9par\u00e9 du donateur, son nom, son pr\u00e9nom et son patronyme peuvent \u00eatre publi\u00e9s dans les m\u00e9dias ou sur les ressources en ligne officielles de la Fondation.<\/p><p><b>11. LOCALISATION ET COORDONN\u00c9ES BANCAIRES DU FONDS<\/b><\/p><p><b>Fondation caritative \"VOTRE AIDE SA\"<\/b><b><\/b><\/p><p>Code d'identification : <b>41450301<\/b><b><\/b><\/p><p>Lieu d'implantation de l'entit\u00e9 juridique :<\/p><p>Ukraine, 60024, r\u00e9gion de Tchernivtsi, district de Dnister, village de Malyntsi, 15 Kobylyanska str.<\/p><p><b>Coordonn\u00e9es bancaires :<\/b><b><\/b><\/p><p>- Nom du destinataire : <b>PARCE QUE VOTRE AIDE AIDE L'UAF<\/b><b><\/b><\/p><p>- Code du destinataire (USREOU) : <b>41450301<\/b><b><\/b><\/p><p>- Le compte du destinataire (IBAN) : <b>UA913052990000026004041810571<\/b><b><\/b><\/p><p>- Nom de la banque : <b>JSC CB PrivatBank<\/b><b><\/b><\/p><p>Directeur<\/p><p><b>Igor Viktorovich Tymko<\/b><b><\/b><\/p><h2>\u00a0<\/h2><h2><b>ANNEXE No. 1 \u00e0 la convention d'offre publique de don caritatif<\/b><\/h2><p>(concernant la collecte et le traitement des donn\u00e9es personnelles du bienfaiteur)<\/p><p><b>1. CONSENTEMENT AU TRAITEMENT DES DONN\u00c9ES PERSONNELLES<\/b><\/p><p>Le Bienfaiteur, en acceptant l'Offre (en transf\u00e9rant des fonds ou en remplissant les formulaires appropri\u00e9s sur le site Internet de la Fondation), conform\u00e9ment \u00e0 la loi ukrainienne \"Sur la protection des donn\u00e9es personnelles\", fournit <b>Au fonds de bienfaisance \"Your Help SA\"<\/b> (ci-apr\u00e8s d\u00e9nomm\u00e9 le Fonds) son consentement volontaire et inconditionnel \u00e0 la collecte, \u00e0 l'enregistrement, \u00e0 l'accumulation, au stockage, \u00e0 l'adaptation, \u00e0 la modification, \u00e0 la mise \u00e0 jour, \u00e0 l'utilisation et \u00e0 la diffusion (distribution, vente, transfert) et \u00e0 la destruction de ses donn\u00e9es \u00e0 caract\u00e8re personnel (ci-apr\u00e8s d\u00e9nomm\u00e9 le Traitement) aux fins \u00e9nonc\u00e9es dans la pr\u00e9sente annexe.<\/p><p><b>2. COMPOSITION DES DONN\u00c9ES PERSONNELLES<\/b><\/p><p>Le donateur accepte le traitement des donn\u00e9es personnelles qu'il peut fournir lors de la donation :<\/p><p>- <b>Nom, pr\u00e9nom et patronyme (le cas \u00e9ch\u00e9ant).<\/b><b><\/b><\/p><p>- <b>Informations sur les contacts<\/b> (num\u00e9ro de t\u00e9l\u00e9phone, adresse \u00e9lectronique).<\/p><p>- <b>Coordonn\u00e9es bancaires et informations sur les paiements<\/b> (montant du don, date et heure de la transaction, type de syst\u00e8me de paiement), \u00e0 l'exception des informations confidentielles relatives au paiement (par exemple, le num\u00e9ro complet de la carte), qui sont trait\u00e9es directement par les syst\u00e8mes de paiement.<\/p><p>- <b>Donn\u00e9es collect\u00e9es automatiquement<\/b> (adresse IP, informations sur le navigateur, localisation) utilis\u00e9es pour le bon fonctionnement du site web et les statistiques.<\/p><p>- <b>Autres informations<\/b>fournis par le bienfaiteur sur une base volontaire.<\/p><p><b>3. FINALIT\u00c9 DU TRAITEMENT DES DONN\u00c9ES<\/b><\/p><p>Le traitement des donn\u00e9es personnelles du donateur est effectu\u00e9 uniquement \u00e0 cette fin :<\/p><p>- <b>La bonne ex\u00e9cution des termes de l'accord<\/b> l'offre publique et le respect des exigences de la l\u00e9gislation ukrainienne en mati\u00e8re d'activit\u00e9s caritatives et de rapports (en particulier, la tenue de registres des dons caritatifs).<\/p><p>- <b>Communication avec le bienfaiteur<\/b> (fourniture d'informations sur la Fondation, envoi de rapports sur l'utilisation des dons, ainsi que de mat\u00e9riel d'information et\/ou de publicit\u00e9 de la Fondation - conform\u00e9ment \u00e0 la clause 10.3 de l'Offre).<\/p><p>- <b>Tenir \u00e0 jour les statistiques internes et les analyses du Fonds.<\/b><b><\/b><\/p><p>- <b>Divulgation publique d'informations sur les bienfaiteurs<\/b> (NOM COMPLET) <b>qu'avec le consentement distinct et additionnel du bienfaiteur<\/b>.<\/p><p><b>4. DROITS DU BIENFAITEUR<\/b><\/p><p>Le Bienfaiteur confirme qu'il a \u00e9t\u00e9 inform\u00e9 de ses droits en tant que personne concern\u00e9e par les donn\u00e9es \u00e0 caract\u00e8re personnel conform\u00e9ment \u00e0 l'article 8 de la loi ukrainienne sur la protection des donn\u00e9es \u00e0 caract\u00e8re personnel, \u00e0 savoir<\/p><p>- Conna\u00eetre les sources de collecte et l'emplacement de vos donn\u00e9es personnelles.<\/p><p>- Recevoir des informations sur les conditions d'acc\u00e8s aux donn\u00e9es personnelles.<\/p><p>- Soumettre une demande motiv\u00e9e au Fonds en s'opposant au traitement des donn\u00e9es.<\/p><p>- Soumettre une demande motiv\u00e9e de modification ou de destruction des donn\u00e9es.<\/p><p>- Retirer son consentement au traitement des donn\u00e9es personnelles.<\/p><p>- Exercer les autres droits pr\u00e9vus par la l\u00e9gislation ukrainienne.<\/p><p><b>5. CONDITIONS DE STOCKAGE ET D'OUVERTURE<\/b><\/p><p>- <b>La Fondation s'engage \u00e0 prendre les mesures n\u00e9cessaires<\/b> prot\u00e9ger les donn\u00e9es \u00e0 caract\u00e8re personnel contre l'acc\u00e8s, l'alt\u00e9ration, la divulgation ou la destruction non autoris\u00e9s.<\/p><p>- <b>Les donn\u00e9es \u00e0 caract\u00e8re personnel peuvent \u00eatre communiqu\u00e9es<\/b> \u00e0 des tiers (par exemple, des banques, des syst\u00e8mes de paiement, des auditeurs) uniquement dans les cas pr\u00e9vus par la l\u00e9gislation ukrainienne ou si cela est n\u00e9cessaire pour que le Fonds remplisse ses objectifs statutaires.<\/p><p>- <b>P\u00e9riode de conservation des donn\u00e9es<\/b> est d\u00e9termin\u00e9e conform\u00e9ment aux exigences de la l\u00e9gislation en vigueur et aux documents statutaires du Fonds.<\/p><p>Le pr\u00e9sent appendice n\u00b0 1 entre en vigueur en m\u00eame temps que la convention d'offre publique.<\/p><p>Elle fera partie int\u00e9grante de l'accord principal et son acceptation (acceptation) sera confirm\u00e9e par les actions du B\u00e9n\u00e9ficiaire telles que d\u00e9crites dans l'Offre.<\/p>\t\t\t\t\t\t\t\t<\/div>\n\t\t\t\t<\/div>\n\t\t\t\t\t<\/div>\n\t\t\t\t<\/div>\n\t\t\t\t<\/div>","protected":false},"excerpt":{"rendered":"<p>\u0414\u043e\u0433\u043e\u0432\u0456\u0440 \u043f\u0443\u0431\u043b\u0456\u0447\u043d\u043e\u0457 \u043e\u0444\u0435\u0440\u0442\u0438 \u043f\u0440\u043e \u043d\u0430\u0434\u0430\u043d\u043d\u044f \u0431\u043b\u0430\u0433\u043e\u0434\u0456\u0439\u043d\u043e\u0457 \u043f\u043e\u0436\u0435\u0440\u0442\u0432\u0438 \u0426\u044f \u043f\u0443\u0431\u043b\u0456\u0447\u043d\u0430 \u043e\u0444\u0435\u0440\u0442\u0430 \u043f\u0440\u043e \u043d\u0430\u0434\u0430\u043d\u043d\u044f \u0431\u043b\u0430\u0433\u043e\u0434\u0456\u0439\u043d\u043e\u0457 \u043f\u043e\u0436\u0435\u0440\u0442\u0432\u0438 (\u043d\u0430\u0434\u0430\u043b\u0456 \u2013 \u041e\u0444\u0435\u0440\u0442\u0430) \u0430\u0434\u0440\u0435\u0441\u043e\u0432\u0430\u043d\u0430 \u043d\u0435\u0432\u0438\u0437\u043d\u0430\u0447\u0435\u043d\u043e\u043c\u0443 \u043a\u043e\u043b\u0443 \u043e\u0441\u0456\u0431 \u2013 \u0444\u0456\u0437\u0438\u0447\u043d\u0438\u043c \u0442\u0430 \u044e\u0440\u0438\u0434\u0438\u0447\u043d\u0438\u043c \u043e\u0441\u043e\u0431\u0430\u043c (\u043d\u0430\u0434\u0430\u043b\u0456 \u2013 \u0411\u043b\u0430\u0433\u043e\u0434\u0456\u0439\u043d\u0438\u043a), \u0449\u043e \u0454 \u0432\u0456\u0434\u0432\u0456\u0434\u0443\u0432\u0430\u0447\u0430\u043c\u0438 \u0432\u0435\u0431\u0441\u0430\u0439\u0442\u0443 \u0443 \u043c\u0435\u0440\u0435\u0436\u0456 \u0406\u043d\u0442\u0435\u0440\u043d\u0435\u0442: https:\/\/yourhelpfund.org.ua (\u043d\u0430\u0434\u0430\u043b\u0456 \u2013 \u0421\u0430\u0439\u0442), \u0456 \u0454 \u043e\u0444\u0456\u0446\u0456\u0439\u043d\u043e\u044e \u0442\u0430 \u043f\u0443\u0431\u043b\u0456\u0447\u043d\u043e\u044e \u043f\u0440\u043e\u043f\u043e\u0437\u0438\u0446\u0456\u0454\u044e \u0411\u043b\u0430\u0433\u043e\u0434\u0456\u0439\u043d\u043e\u0433\u043e \u0444\u043e\u043d\u0434\u0443 \u00ab\u0422\u0432\u043e\u044f \u0414\u043e\u043f\u043e\u043c\u043e\u0433\u0430 \u042e\u0410\u00bb (\u0406\u0434\u0435\u043d\u0442\u0438\u0444\u0456\u043a\u0430\u0446\u0456\u0439\u043d\u0438\u0439 \u043a\u043e\u0434 \u044e\u0440\u0438\u0434\u0438\u0447\u043d\u043e\u0457 \u043e\u0441\u043e\u0431\u0438: [&hellip;]<\/p>\n","protected":false},"author":1,"featured_media":0,"parent":0,"menu_order":0,"comment_status":"closed","ping_status":"closed","template":"","meta":{"footnotes":""},"class_list":["post-711","page","type-page","status-publish","hentry"],"_links":{"self":[{"href":"https:\/\/yourhelpfund.org.ua\/fr\/wp-json\/wp\/v2\/pages\/711","targetHints":{"allow":["GET"]}}],"collection":[{"href":"https:\/\/yourhelpfund.org.ua\/fr\/wp-json\/wp\/v2\/pages"}],"about":[{"href":"https:\/\/yourhelpfund.org.ua\/fr\/wp-json\/wp\/v2\/types\/page"}],"author":[{"embeddable":true,"href":"https:\/\/yourhelpfund.org.ua\/fr\/wp-json\/wp\/v2\/users\/1"}],"replies":[{"embeddable":true,"href":"https:\/\/yourhelpfund.org.ua\/fr\/wp-json\/wp\/v2\/comments?post=711"}],"version-history":[{"count":16,"href":"https:\/\/yourhelpfund.org.ua\/fr\/wp-json\/wp\/v2\/pages\/711\/revisions"}],"predecessor-version":[{"id":747,"href":"https:\/\/yourhelpfund.org.ua\/fr\/wp-json\/wp\/v2\/pages\/711\/revisions\/747"}],"wp:attachment":[{"href":"https:\/\/yourhelpfund.org.ua\/fr\/wp-json\/wp\/v2\/media?parent=711"}],"curies":[{"name":"wp","href":"https:\/\/api.w.org\/{rel}","templated":true}]}}