{"id":3,"date":"2025-06-29T20:21:51","date_gmt":"2025-06-29T20:21:51","guid":{"rendered":"http:\/\/yourhelpfund.org.ua\/?page_id=3"},"modified":"2025-08-16T22:35:54","modified_gmt":"2025-08-16T20:35:54","slug":"polityka-prywatnosci","status":"publish","type":"page","link":"https:\/\/yourhelpfund.org.ua\/pl\/polityka-prywatnosci\/","title":{"rendered":"Polityka prywatno\u015bci"},"content":{"rendered":"<h2 class=\"wp-block-heading\"><strong>Kim jeste\u015bmy<\/strong><\/h2>\n\n\n\n<p>Adres naszej strony internetowej: <a class=\"\" href=\"http:\/\/yourhelpfund.org.ua\/pl\/\">http:\/\/yourhelpfund.org.ua<\/a>.<\/p>\n\n\n\n<h2 class=\"wp-block-heading\"><strong>Uwagi.<\/strong><\/h2>\n\n\n\n<p>Gdy odwiedzaj\u0105cy zostawiaj\u0105 komentarze na stronie internetowej, zbieramy dane okre\u015blone w formularzu komentarza, a tak\u017ce adres IP odwiedzaj\u0105cego i informacje o przegl\u0105darce, aby pom\u00f3c nam wykry\u0107 spam.<\/p>\n\n\n\n<p>Zanonimizowany ci\u0105g znak\u00f3w utworzony z adresu e-mail u\u017cytkownika (tzw. hash) mo\u017ce zosta\u0107 przekazany do us\u0142ugi Gravatar w celu sprawdzenia, czy u\u017cytkownik z niej korzysta. Polityka prywatno\u015bci us\u0142ugi Gravatar jest dost\u0119pna tutaj: <a class=\"\" href=\"https:\/\/automattic.com\/privacy\/\">https:\/\/automattic.com\/privacy\/<\/a>. Po zatwierdzeniu komentarza Twoje zdj\u0119cie profilowe b\u0119dzie widoczne publicznie obok Twojego komentarza.<\/p>\n\n\n\n<h2 class=\"wp-block-heading\"><strong>Media.<\/strong><\/h2>\n\n\n\n<p>Je\u015bli przesy\u0142asz obrazy do swojej witryny, unikaj przesy\u0142ania plik\u00f3w z osadzonymi danymi lokalizacji (EXIF GPS). Odwiedzaj\u0105cy witryn\u0119 mog\u0105 pobiera\u0107 obrazy i otrzymywa\u0107 te dane.<\/p>\n\n\n\n<h2 class=\"wp-block-heading\"><strong>Pliki cookie<\/strong><\/h2>\n\n\n\n<p>Je\u015bli zostawisz komentarz na naszej stronie internetowej, mo\u017cesz wyrazi\u0107 zgod\u0119 na przechowywanie swojego imienia i nazwiska, adresu e-mail i strony internetowej w pliku cookie. Jest to dla Twojej wygody, aby\u015b nie musia\u0142 ponownie wprowadza\u0107 tych danych przy nast\u0119pnym komentarzu. Te pliki cookie s\u0105 wa\u017cne przez rok.<\/p>\n\n\n\n<p>Je\u015bli odwiedzisz stron\u0119 logowania, ustawimy tymczasowy plik cookie, aby okre\u015bli\u0107, czy Twoja przegl\u0105darka akceptuje pliki cookie. Ten plik cookie nie zawiera \u017cadnych danych osobowych i jest usuwany po zamkni\u0119ciu przegl\u0105darki.<\/p>\n\n\n\n<p>Po zalogowaniu si\u0119 ustawimy r\u00f3wnie\u017c kilka plik\u00f3w cookie w celu zapisania informacji logowania i preferencji wy\u015bwietlania ekranu. Plik cookie logowania jest wa\u017cny przez dwa dni, a plik cookie ustawie\u0144 ekranu jest wa\u017cny przez rok. W przypadku wybrania opcji \"Zapami\u0119taj mnie\" dane logowania b\u0119d\u0105 przechowywane przez dwa tygodnie. Po wylogowaniu si\u0119 z konta plik cookie logowania zostanie usuni\u0119ty.<\/p>\n\n\n\n<p>Je\u015bli edytujesz lub publikujesz artyku\u0142, w Twojej przegl\u0105darce zostanie zapisany dodatkowy plik cookie. Nie zawiera on \u017cadnych danych osobowych i po prostu wskazuje identyfikator edytowanego postu. Wygasa on w ci\u0105gu jednego dnia.<\/p>\n\n\n\n<h2 class=\"wp-block-heading\"><strong>Osadzona zawarto\u015b\u0107 z innych stron internetowych<\/strong><\/h2>\n\n\n\n<p>Artyku\u0142y na tej stronie mog\u0105 zawiera\u0107 osadzone tre\u015bci (np. filmy, obrazy, artyku\u0142y itp.). Osadzone tre\u015bci z innych witryn zachowuj\u0105 si\u0119 w taki sam spos\u00f3b, jak gdyby u\u017cytkownik odwiedzi\u0142 t\u0119 witryn\u0119 bezpo\u015brednio.<\/p>\n\n\n\n<p>Witryny te mog\u0105 gromadzi\u0107 dane o u\u017cytkowniku, wykorzystywa\u0107 pliki cookie, osadza\u0107 dodatkowe elementy \u015bledz\u0105ce stron trzecich i \u015bledzi\u0107 interakcj\u0119 u\u017cytkownika z tak\u0105 osadzon\u0105 zawarto\u015bci\u0105, w tym \u015bledzi\u0107, czy u\u017cytkownik ma konto i jest zalogowany w danej witrynie.<\/p>\n\n\n\n<h2 class=\"wp-block-heading\"><strong>Komu udost\u0119pniamy dane u\u017cytkownika<\/strong><\/h2>\n\n\n\n<p>Je\u015bli poprosisz o zresetowanie has\u0142a, Tw\u00f3j adres IP zostanie uwzgl\u0119dniony w wiadomo\u015bci e-mail z pro\u015bb\u0105 o zresetowanie has\u0142a.<\/p>\n\n\n\n<h2 class=\"wp-block-heading\"><strong>Jak d\u0142ugo przechowujemy dane u\u017cytkownika<\/strong><\/h2>\n\n\n\n<p>Po pozostawieniu komentarza, komentarz i jego metadane s\u0105 przechowywane przez czas nieokre\u015blony. Umo\u017cliwia to automatyczne rozpoznawanie i zatwierdzanie kolejnych komentarzy zamiast przechowywania ich w kolejce moderacji.<\/p>\n\n\n\n<p>W przypadku u\u017cytkownik\u00f3w, kt\u00f3rzy zarejestruj\u0105 si\u0119 na stronie (je\u015bli tacy s\u0105), przechowujemy r\u00f3wnie\u017c dane osobowe, kt\u00f3re podaj\u0105 w swoim profilu. Wszyscy u\u017cytkownicy mog\u0105 przegl\u0105da\u0107, edytowa\u0107 lub usuwa\u0107 swoje dane w dowolnym momencie (z wyj\u0105tkiem zmiany nazwy u\u017cytkownika). Administratorzy witryny mog\u0105 r\u00f3wnie\u017c przegl\u0105da\u0107 i edytowa\u0107 te dane.<\/p>\n\n\n\n<h2 class=\"wp-block-heading\"><strong>Prawa u\u017cytkownika do danych<\/strong><\/h2>\n\n\n\n<p>Je\u015bli u\u017cytkownik posiada konto w witrynie lub pozostawi\u0142 komentarze, mo\u017ce za\u017c\u0105da\u0107 wyeksportowania pliku zawieraj\u0105cego wszystkie dane osobowe, kt\u00f3re przechowujemy na jego temat, w tym dane, kt\u00f3re nam przekaza\u0142. U\u017cytkownik mo\u017ce r\u00f3wnie\u017c za\u017c\u0105da\u0107 usuni\u0119cia wszelkich przechowywanych przez nas jego danych osobowych. Nie dotyczy to danych, kt\u00f3re musimy przechowywa\u0107 ze wzgl\u0119d\u00f3w administracyjnych, prawnych lub bezpiecze\u0144stwa.<\/p>\n\n\n\n<h2 class=\"wp-block-heading\"><strong>Gdzie przesy\u0142ane s\u0105 dane u\u017cytkownika<\/strong><\/h2>\n\n\n\n<p>Komentarze odwiedzaj\u0105cych mog\u0105 by\u0107 sprawdzane przez automatyczn\u0105 us\u0142ug\u0119 wykrywania spamu.<\/p>","protected":false},"excerpt":{"rendered":"<p>\u0425\u0442\u043e \u043c\u0438 \u0410\u0434\u0440\u0435\u0441\u0430 \u043d\u0430\u0448\u043e\u0433\u043e \u0432\u0435\u0431\u0441\u0430\u0439\u0442\u0443: http:\/\/yourhelpfund.org.ua. \u041a\u043e\u043c\u0435\u043d\u0442\u0430\u0440\u0456 \u041a\u043e\u043b\u0438 \u0432\u0456\u0434\u0432\u0456\u0434\u0443\u0432\u0430\u0447\u0456 \u0437\u0430\u043b\u0438\u0448\u0430\u044e\u0442\u044c \u043a\u043e\u043c\u0435\u043d\u0442\u0430\u0440\u0456 \u043d\u0430 \u0441\u0430\u0439\u0442\u0456, \u043c\u0438 \u0437\u0431\u0438\u0440\u0430\u0454\u043c\u043e \u0434\u0430\u043d\u0456, \u044f\u043a\u0456 \u0432\u043a\u0430\u0437\u0430\u043d\u0456 \u0443 \u0444\u043e\u0440\u043c\u0456 \u043a\u043e\u043c\u0435\u043d\u0442\u0430\u0440\u044f, \u0430 \u0442\u0430\u043a\u043e\u0436 IP-\u0430\u0434\u0440\u0435\u0441\u0443 \u0432\u0456\u0434\u0432\u0456\u0434\u0443\u0432\u0430\u0447\u0430 \u0442\u0430 \u0456\u043d\u0444\u043e\u0440\u043c\u0430\u0446\u0456\u044e \u043f\u0440\u043e \u0431\u0440\u0430\u0443\u0437\u0435\u0440 \u0434\u043b\u044f \u0434\u043e\u043f\u043e\u043c\u043e\u0433\u0438 \u0443 \u0432\u0438\u044f\u0432\u043b\u0435\u043d\u043d\u0456 \u0441\u043f\u0430\u043c\u0443. \u0410\u043d\u043e\u043d\u0456\u043c\u0456\u0437\u043e\u0432\u0430\u043d\u0438\u0439 \u0440\u044f\u0434\u043e\u043a, \u0441\u0442\u0432\u043e\u0440\u0435\u043d\u0438\u0439 \u0437 \u0432\u0430\u0448\u043e\u0457 \u0435\u043b\u0435\u043a\u0442\u0440\u043e\u043d\u043d\u043e\u0457 \u0430\u0434\u0440\u0435\u0441\u0438 (\u0442\u0430\u043a \u0437\u0432\u0430\u043d\u0438\u0439 \u0445\u0435\u0448), \u043c\u043e\u0436\u0435 \u0431\u0443\u0442\u0438 \u043f\u0435\u0440\u0435\u0434\u0430\u043d\u0438\u0439 \u0441\u0435\u0440\u0432\u0456\u0441\u0443 Gravatar, \u0449\u043e\u0431 \u043f\u0435\u0440\u0435\u0432\u0456\u0440\u0438\u0442\u0438, \u0447\u0438 \u0432\u0438 \u0439\u043e\u0433\u043e \u0432\u0438\u043a\u043e\u0440\u0438\u0441\u0442\u043e\u0432\u0443\u0454\u0442\u0435. [&hellip;]<\/p>\n","protected":false},"author":1,"featured_media":0,"parent":0,"menu_order":0,"comment_status":"closed","ping_status":"open","template":"","meta":{"footnotes":""},"class_list":["post-3","page","type-page","status-publish","hentry"],"_links":{"self":[{"href":"https:\/\/yourhelpfund.org.ua\/pl\/wp-json\/wp\/v2\/pages\/3","targetHints":{"allow":["GET"]}}],"collection":[{"href":"https:\/\/yourhelpfund.org.ua\/pl\/wp-json\/wp\/v2\/pages"}],"about":[{"href":"https:\/\/yourhelpfund.org.ua\/pl\/wp-json\/wp\/v2\/types\/page"}],"author":[{"embeddable":true,"href":"https:\/\/yourhelpfund.org.ua\/pl\/wp-json\/wp\/v2\/users\/1"}],"replies":[{"embeddable":true,"href":"https:\/\/yourhelpfund.org.ua\/pl\/wp-json\/wp\/v2\/comments?post=3"}],"version-history":[{"count":3,"href":"https:\/\/yourhelpfund.org.ua\/pl\/wp-json\/wp\/v2\/pages\/3\/revisions"}],"predecessor-version":[{"id":681,"href":"https:\/\/yourhelpfund.org.ua\/pl\/wp-json\/wp\/v2\/pages\/3\/revisions\/681"}],"wp:attachment":[{"href":"https:\/\/yourhelpfund.org.ua\/pl\/wp-json\/wp\/v2\/media?parent=3"}],"curies":[{"name":"wp","href":"https:\/\/api.w.org\/{rel}","templated":true}]}}