{"id":3,"date":"2025-06-29T20:21:51","date_gmt":"2025-06-29T20:21:51","guid":{"rendered":"http:\/\/yourhelpfund.org.ua\/?page_id=3"},"modified":"2025-08-16T22:35:54","modified_gmt":"2025-08-16T20:35:54","slug":"politica-de-confidentialitate","status":"publish","type":"page","link":"https:\/\/yourhelpfund.org.ua\/ro\/politica-de-confidentialitate\/","title":{"rendered":"Politica de confiden\u021bialitate"},"content":{"rendered":"<h2 class=\"wp-block-heading\"><strong>Cine suntem<\/strong><\/h2>\n\n\n\n<p>Adresa site-ului nostru web: <a class=\"\" href=\"http:\/\/yourhelpfund.org.ua\/ro\/\">http:\/\/yourhelpfund.org.ua<\/a>.<\/p>\n\n\n\n<h2 class=\"wp-block-heading\"><strong>Observa\u021bii.<\/strong><\/h2>\n\n\n\n<p>Atunci c\u00e2nd vizitatorii las\u0103 comentarii pe site, colect\u0103m datele specificate \u00een formularul de comentariu, precum \u0219i adresa IP a vizitatorului \u0219i informa\u021biile despre browser pentru a ne ajuta s\u0103 detect\u0103m spam-ul.<\/p>\n\n\n\n<p>Un \u0219ir anonim creat din adresa dvs. de e-mail (a\u0219a-numitul hash) poate fi transmis serviciului Gravatar pentru a verifica dac\u0103 \u00eel utiliza\u021bi. Politica de confiden\u021bialitate a serviciului Gravatar este disponibil\u0103 aici: <a class=\"\" href=\"https:\/\/automattic.com\/privacy\/\">https:\/\/automattic.com\/privacy\/<\/a>. Odat\u0103 ce un comentariu este aprobat, fotografia dvs. de profil va fi vizibil\u0103 public l\u00e2ng\u0103 comentariul dvs.<\/p>\n\n\n\n<h2 class=\"wp-block-heading\"><strong>Media.<\/strong><\/h2>\n\n\n\n<p>Dac\u0103 \u00eenc\u0103rca\u021bi imagini pe site-ul dvs., evita\u021bi \u00eenc\u0103rcarea fi\u0219ierelor cu date de localizare \u00eencorporate (EXIF GPS). Vizitatorii site-ului pot desc\u0103rca imagini \u0219i primi aceste date.<\/p>\n\n\n\n<h2 class=\"wp-block-heading\"><strong>Cookie-uri<\/strong><\/h2>\n\n\n\n<p>Dac\u0103 l\u0103sa\u021bi un comentariu pe site-ul nostru, este posibil s\u0103 fi\u021bi de acord ca numele, adresa de e-mail \u0219i site-ul dvs. s\u0103 fie stocate \u00eentr-un cookie. Acest lucru este pentru confortul dumneavoastr\u0103, astfel \u00eenc\u00e2t s\u0103 nu trebuiasc\u0103 s\u0103 introduce\u021bi din nou aceste detalii data viitoare c\u00e2nd comenta\u021bi. Aceste module cookie sunt valabile timp de un an.<\/p>\n\n\n\n<p>Dac\u0103 vizita\u021bi pagina de conectare, vom seta un cookie temporar pentru a determina dac\u0103 browserul dvs. accept\u0103 cookie-uri. Acest cookie nu con\u021bine date personale \u0219i este \u0219ters atunci c\u00e2nd \u00eenchide\u021bi browserul.<\/p>\n\n\n\n<p>Dup\u0103 ce v\u0103 conecta\u021bi, vom seta \u0219i c\u00e2teva module cookie pentru a v\u0103 salva informa\u021biile de conectare \u0219i set\u0103rile de afi\u0219are a ecranului. Cookie-ul de conectare este valabil timp de dou\u0103 zile, iar cookie-ul pentru set\u0103rile ecranului este valabil timp de un an. Dac\u0103 alege\u021bi \"Remember Me\", informa\u021biile dvs. de conectare vor fi stocate timp de dou\u0103 s\u0103pt\u0103m\u00e2ni. C\u00e2nd v\u0103 deconecta\u021bi de la contul dvs., cookie-ul de conectare este \u0219ters.<\/p>\n\n\n\n<p>Dac\u0103 edita\u021bi sau publica\u021bi un articol, un cookie suplimentar va fi salvat \u00een browserul dumneavoastr\u0103. Acesta nu con\u021bine date personale \u0219i indic\u0103 pur \u0219i simplu ID-ul articolului pe care tocmai l-a\u021bi editat. Acesta expir\u0103 \u00eentr-o zi.<\/p>\n\n\n\n<h2 class=\"wp-block-heading\"><strong>Con\u021binut \u00eencorporat de pe alte site-uri web<\/strong><\/h2>\n\n\n\n<p>Articolele de pe acest site pot con\u021bine con\u021binut \u00eencorporat (de exemplu, videoclipuri, imagini, articole etc.). Con\u021binutul \u00eencorporat de pe alte site-uri se comport\u0103 \u00een acela\u0219i mod ca \u0219i cum vizitatorul ar fi accesat direct acest site.<\/p>\n\n\n\n<p>Aceste site-uri pot colecta date despre dvs., pot utiliza module cookie, pot \u00eencorpora dispozitive suplimentare de urm\u0103rire ale ter\u021bilor \u0219i pot urm\u0103ri interac\u021biunea dvs. cu un astfel de con\u021binut \u00eencorporat, inclusiv dac\u0103 ave\u021bi un cont \u0219i sunte\u021bi conectat la site-ul respectiv.<\/p>\n\n\n\n<h2 class=\"wp-block-heading\"><strong>Cu cine \u00eemp\u0103rt\u0103\u0219im datele dumneavoastr\u0103<\/strong><\/h2>\n\n\n\n<p>Dac\u0103 solicita\u021bi o resetare a parolei, adresa dvs. de IP va fi inclus\u0103 \u00een e-mailul de resetare.<\/p>\n\n\n\n<h2 class=\"wp-block-heading\"><strong>C\u00e2t timp p\u0103str\u0103m datele dumneavoastr\u0103<\/strong><\/h2>\n\n\n\n<p>Atunci c\u00e2nd l\u0103sa\u021bi un comentariu, comentariul \u0219i metadatele acestuia sunt stocate pe o perioad\u0103 nedeterminat\u0103. Acest lucru v\u0103 permite s\u0103 recunoa\u0219te\u021bi \u0219i s\u0103 aproba\u021bi automat comentariile ulterioare, \u00een loc s\u0103 le p\u0103stra\u021bi \u00eentr-o coad\u0103 de moderare.<\/p>\n\n\n\n<p>Pentru utilizatorii care se \u00eenregistreaz\u0103 pe site (dac\u0103 exist\u0103), stoc\u0103m, de asemenea, datele cu caracter personal pe care le furnizeaz\u0103 \u00een profilul lor. To\u021bi utilizatorii pot vizualiza, edita sau \u0219terge datele lor \u00een orice moment (cu excep\u021bia schimb\u0103rii numelui de utilizator). Administratorii site-ului pot, de asemenea, s\u0103 vizualizeze \u0219i s\u0103 editeze aceste date.<\/p>\n\n\n\n<h2 class=\"wp-block-heading\"><strong>Drepturile dumneavoastr\u0103 privind datele<\/strong><\/h2>\n\n\n\n<p>Dac\u0103 ave\u021bi un cont pe site sau a\u021bi l\u0103sat comentarii, pute\u021bi solicita un export al unui fi\u0219ier care con\u021bine toate datele cu caracter personal pe care le de\u021binem despre dvs., inclusiv datele pe care ni le-a\u021bi furnizat. De asemenea, ne pute\u021bi solicita s\u0103 \u0219tergem orice date cu caracter personal pe care le de\u021binem despre dumneavoastr\u0103. Acest lucru nu se aplic\u0103 datelor pe care suntem obliga\u021bi s\u0103 le p\u0103str\u0103m din motive administrative, juridice sau de securitate.<\/p>\n\n\n\n<h2 class=\"wp-block-heading\"><strong>Unde sunt trimise datele dumneavoastr\u0103<\/strong><\/h2>\n\n\n\n<p>Comentariile vizitatorilor pot fi verificate prin intermediul unui serviciu automat de detectare a spam-ului.<\/p>","protected":false},"excerpt":{"rendered":"<p>\u0425\u0442\u043e \u043c\u0438 \u0410\u0434\u0440\u0435\u0441\u0430 \u043d\u0430\u0448\u043e\u0433\u043e \u0432\u0435\u0431\u0441\u0430\u0439\u0442\u0443: http:\/\/yourhelpfund.org.ua. \u041a\u043e\u043c\u0435\u043d\u0442\u0430\u0440\u0456 \u041a\u043e\u043b\u0438 \u0432\u0456\u0434\u0432\u0456\u0434\u0443\u0432\u0430\u0447\u0456 \u0437\u0430\u043b\u0438\u0448\u0430\u044e\u0442\u044c \u043a\u043e\u043c\u0435\u043d\u0442\u0430\u0440\u0456 \u043d\u0430 \u0441\u0430\u0439\u0442\u0456, \u043c\u0438 \u0437\u0431\u0438\u0440\u0430\u0454\u043c\u043e \u0434\u0430\u043d\u0456, \u044f\u043a\u0456 \u0432\u043a\u0430\u0437\u0430\u043d\u0456 \u0443 \u0444\u043e\u0440\u043c\u0456 \u043a\u043e\u043c\u0435\u043d\u0442\u0430\u0440\u044f, \u0430 \u0442\u0430\u043a\u043e\u0436 IP-\u0430\u0434\u0440\u0435\u0441\u0443 \u0432\u0456\u0434\u0432\u0456\u0434\u0443\u0432\u0430\u0447\u0430 \u0442\u0430 \u0456\u043d\u0444\u043e\u0440\u043c\u0430\u0446\u0456\u044e \u043f\u0440\u043e \u0431\u0440\u0430\u0443\u0437\u0435\u0440 \u0434\u043b\u044f \u0434\u043e\u043f\u043e\u043c\u043e\u0433\u0438 \u0443 \u0432\u0438\u044f\u0432\u043b\u0435\u043d\u043d\u0456 \u0441\u043f\u0430\u043c\u0443. \u0410\u043d\u043e\u043d\u0456\u043c\u0456\u0437\u043e\u0432\u0430\u043d\u0438\u0439 \u0440\u044f\u0434\u043e\u043a, \u0441\u0442\u0432\u043e\u0440\u0435\u043d\u0438\u0439 \u0437 \u0432\u0430\u0448\u043e\u0457 \u0435\u043b\u0435\u043a\u0442\u0440\u043e\u043d\u043d\u043e\u0457 \u0430\u0434\u0440\u0435\u0441\u0438 (\u0442\u0430\u043a \u0437\u0432\u0430\u043d\u0438\u0439 \u0445\u0435\u0448), \u043c\u043e\u0436\u0435 \u0431\u0443\u0442\u0438 \u043f\u0435\u0440\u0435\u0434\u0430\u043d\u0438\u0439 \u0441\u0435\u0440\u0432\u0456\u0441\u0443 Gravatar, \u0449\u043e\u0431 \u043f\u0435\u0440\u0435\u0432\u0456\u0440\u0438\u0442\u0438, \u0447\u0438 \u0432\u0438 \u0439\u043e\u0433\u043e \u0432\u0438\u043a\u043e\u0440\u0438\u0441\u0442\u043e\u0432\u0443\u0454\u0442\u0435. [&hellip;]<\/p>\n","protected":false},"author":1,"featured_media":0,"parent":0,"menu_order":0,"comment_status":"closed","ping_status":"open","template":"","meta":{"footnotes":""},"class_list":["post-3","page","type-page","status-publish","hentry"],"_links":{"self":[{"href":"https:\/\/yourhelpfund.org.ua\/ro\/wp-json\/wp\/v2\/pages\/3","targetHints":{"allow":["GET"]}}],"collection":[{"href":"https:\/\/yourhelpfund.org.ua\/ro\/wp-json\/wp\/v2\/pages"}],"about":[{"href":"https:\/\/yourhelpfund.org.ua\/ro\/wp-json\/wp\/v2\/types\/page"}],"author":[{"embeddable":true,"href":"https:\/\/yourhelpfund.org.ua\/ro\/wp-json\/wp\/v2\/users\/1"}],"replies":[{"embeddable":true,"href":"https:\/\/yourhelpfund.org.ua\/ro\/wp-json\/wp\/v2\/comments?post=3"}],"version-history":[{"count":3,"href":"https:\/\/yourhelpfund.org.ua\/ro\/wp-json\/wp\/v2\/pages\/3\/revisions"}],"predecessor-version":[{"id":681,"href":"https:\/\/yourhelpfund.org.ua\/ro\/wp-json\/wp\/v2\/pages\/3\/revisions\/681"}],"wp:attachment":[{"href":"https:\/\/yourhelpfund.org.ua\/ro\/wp-json\/wp\/v2\/media?parent=3"}],"curies":[{"name":"wp","href":"https:\/\/api.w.org\/{rel}","templated":true}]}}