{"id":711,"date":"2025-11-06T14:44:15","date_gmt":"2025-11-06T12:44:15","guid":{"rendered":"https:\/\/yourhelpfund.org.ua\/?page_id=711"},"modified":"2025-11-06T17:54:46","modified_gmt":"2025-11-06T15:54:46","slug":"oferta","status":"publish","type":"page","link":"https:\/\/yourhelpfund.org.ua\/ro\/oferta\/","title":{"rendered":"Ofert\u0103"},"content":{"rendered":"<div data-elementor-type=\"wp-page\" data-elementor-id=\"711\" class=\"elementor elementor-711\" data-elementor-post-type=\"page\">\n\t\t\t\t<div class=\"elementor-element elementor-element-0e2514a e-flex e-con-boxed e-con e-parent\" data-id=\"0e2514a\" data-element_type=\"container\" data-e-type=\"container\">\n\t\t\t\t\t<div class=\"e-con-inner\">\n\t\t\t\t<div class=\"elementor-element elementor-element-cf13512 elementor-widget elementor-widget-text-editor\" data-id=\"cf13512\" data-element_type=\"widget\" data-e-type=\"widget\" data-widget_type=\"text-editor.default\">\n\t\t\t\t<div class=\"elementor-widget-container\">\n\t\t\t\t\t\t\t\t\t<h1><b>Acord de ofert\u0103 public\u0103 pentru o dona\u021bie caritabil\u0103<\/b><\/h1><p><b>Prezenta ofert\u0103 public\u0103 pentru o dona\u021bie caritabil\u0103 (denumit\u0103 \u00een continuare \"oferta\")<\/b> adresate <b>unui num\u0103r nedeterminat de persoane<\/b> - persoanelor fizice \u0219i juridice (denumite \u00een continuare <b>Filantrop<\/b>) care viziteaz\u0103 site-ul pe internet: <b>https:\/\/yourhelpfund.org.ua<\/b> (denumit \u00een continuare <b>Website.<\/b>), \u0219i sunt <b>o ofert\u0103 formal\u0103 \u0219i public\u0103<\/b><b><\/b><\/p><p><b>Funda\u021bia caritabil\u0103 \"Your Help SA\"<\/b><b><\/b><\/p><p>(Codul de identificare al persoanei juridice: <b>41450301<\/b>),<\/p><p>\u00een persoana \u0219efului <b>Igor Viktorovici Timko<\/b>care ac\u021bioneaz\u0103 pe baza Cartei (denumit\u0103 \u00een continuare <b>Funda\u021bie<\/b>),<\/p><p>\u00eencheie un acord de dona\u021bie caritabil\u0103 (denumit \u00een continuare <b>Contract<\/b>), al c\u0103ror obiect \u0219i condi\u021bii materiale sunt prezentate mai jos:<\/p><p><b>1. TERMENI \u0218I DEFINI\u021aII<\/b><\/p><p><b>1.1. Oferta public\u0103 (Oferta)<\/b> - o ofert\u0103 valabil\u0103 a Funda\u021biei postat\u0103 pe site-ul web pentru a face o dona\u021bie caritabil\u0103 adresat\u0103 la <b>pentru un num\u0103r nelimitat de persoane<\/b>inclusiv binef\u0103c\u0103torul.<\/p><p><b>1.2. Acceptare<\/b> - <b>acceptare deplin\u0103 \u0219i necondi\u021bionat\u0103<\/b> Oferta public\u0103 prin efectuarea de ac\u021biuni pentru a efectua un transfer de bani utiliz\u00e2nd formularele sau mijloacele de plat\u0103 postate pe site, precum \u0219i prin transferul de fonduri \u00een contul curent al Fondului prin intermediul institu\u021biilor bancare. <b>Data accept\u0103rii este data credit\u0103rii fondurilor \u00een contul bancar al fondului.<\/b><b><\/b><\/p><p><b>1.3. Dona\u021bii caritabile<\/b> - <b>transfer gratuit<\/b> Binef\u0103c\u0103torul transfer\u0103 fondurile c\u0103tre Funda\u021bie pentru a fi utilizate ulterior \u00een vederea atingerii obiectivelor stabilite de <b>Statutul fondului<\/b> \u0219i\/sau programele sale, \u00een conformitate cu Legea Ucrainei \"privind activit\u0103\u021bile caritabile \u0219i organiza\u021biile caritabile\" \u0219i cu prezentul acord.<\/p><p><b>1.4. Binef\u0103c\u0103tor<\/b> - o persoan\u0103 fizic\u0103 sau juridic\u0103 capabil\u0103 din punct de vedere juridic care <b>realizeaz\u0103 \u00een mod voluntar<\/b> unul sau mai multe tipuri de activit\u0103\u021bi caritabile \u0219i a acceptat prezenta ofert\u0103.<\/p><p><b>2. OBIECTUL CONTRACTULUI<\/b><\/p><p><b>2.1. Obiectul prezentului acord este un transfer gratuit \u0219i voluntar din partea donatorului c\u0103tre funda\u021bie sub forma unei dona\u021bii caritabile pentru a sprijini activit\u0103\u021bile statutare ale funda\u021biei, care sunt puse \u00een aplicare prin intermediul proiectului de restaurare care vizeaz\u0103 acordarea de asisten\u021b\u0103 copiilor orfani, copiilor lipsi\u021bi de \u00eengrijire p\u0103rinteasc\u0103, copiilor afecta\u021bi de r\u0103zboi, precum \u0219i reprezentan\u021bilor altor categorii ale popula\u021biei vulnerabile din punct de vedere social.<\/b> Activit\u0103\u021bile caritabile ale funda\u021biei sunt desf\u0103\u0219urate \u00een conformitate cu Legea Ucrainei privind activit\u0103\u021bile caritabile \u0219i organiza\u021biile caritabile \u0219i cu statutul funda\u021biei.<\/p><p><b>2.2. Valoarea dona\u021biei caritabile este stabilit\u0103 independent de c\u0103tre donator.<\/b><b><\/b><\/p><p><b>2.3. Obiectul prezentului acord nu reprezint\u0103 profit (direct sau indirect) pentru niciuna dintre p\u0103r\u021bi.<\/b><b><\/b><\/p><p><b>3. ACCEPTARE<\/b><\/p><p><b>3.1 Acceptarea ofertei \u00eenseamn\u0103 c\u0103 donatorul este de acord cu to\u021bi termenii prezentului acord, \u00een\u021belege \u0219i este de acord c\u0103 dona\u021bia va fi utilizat\u0103 pentru a atinge obiectivele stabilite \u00een Carta Funda\u021biei.<\/b> Textul Cartei poate fi revizuit de c\u0103tre binef\u0103c\u0103tor prin trimiterea unei cereri la adresa de e-mail a Funda\u021biei (a se vedea sec\u021biunea 11).<\/p><p><b>3.2. Donatorul este pe deplin con\u0219tient \u0219i este de acord c\u0103 Funda\u021bia are dreptul de a utiliza o parte din dona\u021bia caritabil\u0103 pentru cheltuieli administrative \u00een cuantum ce nu dep\u0103\u0219e\u0219te limitele stabilite de legisla\u021bia Ucrainei.<\/b><b><\/b><\/p><p><b>3.3 \u00cen conformitate cu articolele 207, 639, 641, 642 din Codul civil al Ucrainei \u0219i articolele 6, 7 din Legea Ucrainei \"privind activit\u0103\u021bile caritabile \u0219i organiza\u021biile caritabile\", din momentul accept\u0103rii, prezenta ofert\u0103 va fi considerat\u0103 a fi un acord scris \u00eentre p\u0103r\u021bi.<\/b> Nerespectarea de c\u0103tre p\u0103r\u021bi a formei scrise nu atrage nulitatea acesteia.<\/p><p><b>4. DREPTURILE \u0218I OBLIGA\u021aIILE FONDULUI<\/b><\/p><p><b>4.1 Fondul are dreptul de a:<\/b><b><\/b><\/p><p>- <b>s\u0103 primeasc\u0103 dona\u021bii caritabile \u0219i s\u0103 le utilizeze \u00een conformitate cu obiectul \u0219i termenii prezentului acord;<\/b><b><\/b><\/p><p>- cu acordul prealabil al donatorului, s\u0103 schimbe utilizarea dona\u021biei dac\u0103 aceasta este destinat\u0103 unui proiect specific (\u00een cadrul aceluia\u0219i program caritabil) \u00een cazurile specificate \u00een clauza 8.3 din prezentul document;<\/p><p>- f\u0103r\u0103 un acord suplimentar cu binef\u0103c\u0103torul, s\u0103 direc\u021bioneze o parte din dona\u021bia caritabil\u0103 pentru a acoperi <b>cheltuielile administrative ale Fondului<\/b> \u00een m\u0103sura stabilit\u0103 de legisla\u021bia Ucrainei.<\/p><p><b>4.2. Fondul este obligat s\u0103:<\/b><b><\/b><\/p><p>- anual <b>public\u0103 rapoarte<\/b> privind utilizarea dona\u021biilor colectate \u00een form\u0103 electronic\u0103 pe site-ul internet (dac\u0103 exist\u0103) sau \u00een orice alt mod public prev\u0103zut de lege;<\/p><p>- <b>s\u0103 utilizeze dona\u021biile primite exclusiv \u00een scopurile stabilite \u00een Carta Funda\u021biei.<\/b><b><\/b><\/p><p><b>5. DREPTURILE BINEF\u0102C\u0102TORULUI<\/b><\/p><p>Binef\u0103c\u0103torul are dreptul:<\/p><p>- <b>pentru a controla utilizarea direc\u021bionat\u0103 a dona\u021biilor caritabile<\/b> \u00een conformitate cu procedura stabilit\u0103 de legisla\u021bia Ucrainei;<\/p><p>- schimbarea beneficiarilor (destinatarilor) unei dona\u021bii caritabile \u00een conformitate cu procedura stabilit\u0103 de lege, \u00een cazul \u00een care Funda\u021bia \u00eencalc\u0103 scopurile, condi\u021biile sau procedura de utilizare a unei astfel de dona\u021bii.<\/p><p><b>6. LOCUL DE STR\u00c2NGERE PUBLIC\u0102 DE FONDURI<\/b><\/p><p>Colectarea public\u0103 a dona\u021biilor caritabile se realizeaz\u0103 \u00een orice \u021bar\u0103 din lume. Activit\u0103\u021bile directe de colectare a dona\u021biilor \u00een temeiul prezentului acord se desf\u0103\u0219oar\u0103 la sediul funda\u021biei \u0219i\/sau prin intermediul site-ului (\u00een cazul \u00een care site-ul este utilizat pentru a accepta dona\u021bii).<\/p><p><b>7. PERIOADA DE COLECTARE A DONA\u021aIILOR<\/b><\/p><p>Colectarea public\u0103 de dona\u021bii continu\u0103 <b>pe termen nelimitat<\/b>p\u00e2n\u0103 la \u00eencetarea activit\u0103\u021bilor Fondului (lichidare) sau p\u00e2n\u0103 la apari\u021bia altor circumstan\u021be stabilite de Fond sau de legisla\u021bia Ucrainei.<\/p><p><b>8. PROCEDURA DE UTILIZARE A DONA\u021aIILOR CARITABILE<\/b><\/p><p><b>8.1. Dona\u021biile caritabile colectate \u00een temeiul prezentului acord vor fi utilizate \u00een conformitate cu scopurile statutare ale funda\u021biei.<\/b><b><\/b><\/p><p><b>8.2. Binef\u0103c\u0103tor<\/b> sau persoanele autorizate de acesta\/aceasta au dreptul de a controla utilizarea direc\u021bionat\u0103 a unei dona\u021bii caritabile \u00een conformitate cu procedura stabilit\u0103 de legisla\u021bia din Ucraina.<\/p><p><b>8.3. \u00cen cazul \u00een care str\u00e2ngerea de fonduri pentru un anumit proiect, eveniment caritabil sau activitate (\u00een cadrul unui anumit program caritabil) este \u00eencheiat\u0103, epuizat\u0103 sau devine irelevant\u0103, Funda\u021bia are dreptul de a aloca fondurile r\u0103mase unui alt proiect sau unei alte activit\u0103\u021bi din cadrul aceluia\u0219i program caritabil f\u0103r\u0103 aprobarea suplimentar\u0103 a donatorului.<\/b><b><\/b><\/p><p><b>8.4. Schimbarea scopului sau a procedurii de utilizare a unei dona\u021bii caritabile este posibil\u0103 cu acordul donatorului<\/b> sau succesorii s\u0103i, precum \u0219i pe baza unei hot\u0103r\u00e2ri judec\u0103tore\u0219ti sau \u00een cazurile stabilite de legisla\u021bia Ucrainei, cu excep\u021bia situa\u021biilor descrise la clauza 8.3 din prezentul document.<\/p><p><b>8.5. Returnarea dona\u021biilor<\/b> pot fi efectuate de c\u0103tre Funda\u021bie c\u0103tre binef\u0103c\u0103tor numai \u00een cazurile prev\u0103zute de legisla\u021bia Ucrainei.\u00a0<\/p><p><b>8.6. R\u0103spunderea p\u0103r\u021bilor<\/b> pentru \u00eenc\u0103lcarea prezentului acord sau a procedurii de utilizare a dona\u021biilor caritabile sunt stabilite de legisla\u021bia \u00een vigoare din Ucraina.<\/p><p><b>9. PROCEDURA DE ACCES PUBLIC LA SITUA\u021aIILE FINANCIARE<\/b><\/p><p><b>9.1. Accesul la situa\u021biile financiare ale Fondului<\/b> este pus\u0103 \u00een aplicare prin publicarea anual\u0103 a acestor rapoarte pe site-ul web (dac\u0103 exist\u0103) sau \u00een alt mod public prev\u0103zut de lege.<\/p><p><b>9.2. Alte informa\u021bii<\/b> pot fi furnizate de Fond \u00een conformitate cu procedura \u0219i \u00een termenele stabilite de legisla\u021bia Ucrainei.<\/p><p><b>10. 10. AL\u021aI TERMENI \u0218I CONDI\u021aII<\/b><\/p><p><b>10.1. Toate cheltuielile legate de transferul \u0219i creditarea dona\u021biei caritabile (comisioane bancare etc.) vor fi suportate de c\u0103tre donator.<\/b><b><\/b><\/p><p><b>10.2. Prin acceptare, donatorul confirm\u0103 c\u0103 este familiarizat cu termenii din anexa 1 la prezentul acord privind colectarea \u0219i prelucrarea datelor sale cu caracter personal \u0219i este de acord cu aceast\u0103 colectare \u0219i prelucrare.<\/b><b><\/b><\/p><p><b>10.3. Binef\u0103c\u0103tor<\/b> este de acord ca, dup\u0103 introducerea informa\u021biilor despre sine pe site \u0219i\/sau \u00een formularele de \u00eenregistrare ale Fondului, datele sale de contact s\u0103 poat\u0103 fi utilizate de Fond pentru a trimite scrisori sau mesaje, \u00een special \u00een format electronic. \u00cen acela\u0219i timp, Fondul se angajeaz\u0103 s\u0103 nu transfere datele de contact c\u0103tre ter\u021bi, cu excep\u021bia cazurilor prev\u0103zute \u00een mod expres de legisla\u021bia din Ucraina. De asemenea, cu acordul suplimentar separat al donatorului, numele, prenumele \u0219i patronimicul acestuia pot fi publicate \u00een mass-media sau pe resursele online oficiale ale Funda\u021biei.<\/p><p><b>11. LOCA\u021aIA \u0218I DATELE BANCARE ALE FONDULUI<\/b><\/p><p><b>Funda\u021bia caritabil\u0103 \"AJUTORUL T\u0102U SA\"<\/b><b><\/b><\/p><p>Codul de identificare: <b>41450301<\/b><b><\/b><\/p><p>Loca\u021bia entit\u0103\u021bii juridice:<\/p><p>Ucraina, 60024, regiunea Cern\u0103u\u021bi, districtul Dnister, satul Malyntsi, 15 Kobylyanska str.<\/p><p><b>Detalii bancare:<\/b><b><\/b><\/p><p>- Numele destinatarului: <b>PENTRU C\u0102 AJUTORUL T\u0102U AJUT\u0102 UAF<\/b><b><\/b><\/p><p>- Codul destinatarului (USREOU): <b>41450301<\/b><b><\/b><\/p><p>- Contul destinatarului (IBAN): <b>UA913052990000026004041810571<\/b><b><\/b><\/p><p>- Numele b\u0103ncii: <b>JSC CB PrivatBank<\/b><b><\/b><\/p><p>Director<\/p><p><b>Igor Viktorovici Tymko<\/b><b><\/b><\/p><h2>\u00a0<\/h2><h2><b>ANEXA nr. 1 la Acordul de ofert\u0103 public\u0103 pentru o dona\u021bie caritabil\u0103<\/b><\/h2><p>(Cu privire la colectarea \u0219i prelucrarea datelor cu caracter personal ale binef\u0103c\u0103torului)<\/p><p><b>1. CONSIM\u021a\u0102M\u00c2NTUL PENTRU PRELUCRAREA DATELOR CU CARACTER PERSONAL<\/b><\/p><p>Binef\u0103c\u0103torul, prin acceptarea ofertei (prin transferul de fonduri sau completarea formularelor corespunz\u0103toare de pe site-ul Funda\u021biei), \u00een conformitate cu Legea Ucrainei privind protec\u021bia datelor cu caracter personal, furnizeaz\u0103 <b>Pentru fondul de caritate \"Your Help SA\"<\/b> (denumit \u00een continuare \"Fondul\") consim\u021b\u0103m\u00e2ntul s\u0103u voluntar \u0219i necondi\u021bionat pentru colectarea, \u00eenregistrarea, acumularea, stocarea, adaptarea, modificarea, actualizarea, utilizarea \u0219i diseminarea (distribuirea, v\u00e2nzarea, transferul) \u0219i distrugerea datelor sale cu caracter personal (denumite \u00een continuare \"prelucrarea\") \u00een scopurile stabilite \u00een prezenta anex\u0103.<\/p><p><b>2. COMPONEN\u021aA DATELOR CU CARACTER PERSONAL<\/b><\/p><p>Donatorul este de acord cu prelucrarea datelor cu caracter personal pe care le poate furniza \u00een timpul dona\u021biei:<\/p><p>- <b>Numele, prenumele \u0219i patronimicul (dac\u0103 exist\u0103).<\/b><b><\/b><\/p><p>- <b>Informa\u021bii de contact<\/b> (num\u0103r de telefon, adres\u0103 de e-mail).<\/p><p>- <b>Detalii bancare \u0219i informa\u021bii de plat\u0103<\/b> (valoarea dona\u021biei, data \u0219i ora tranzac\u021biei, tipul de sistem de plat\u0103), cu excep\u021bia informa\u021biilor confiden\u021biale de plat\u0103 (de exemplu, num\u0103rul complet al cardului), care sunt prelucrate direct de sistemele de plat\u0103.<\/p><p>- <b>Date colectate automat<\/b> (adresa IP, informa\u021bii despre browser, loca\u021bie) utilizate pentru func\u021bionarea corect\u0103 a site-ului web \u0219i pentru statistici.<\/p><p>- <b>Alte informa\u021bii<\/b>furnizate de binef\u0103c\u0103tor pe baz\u0103 de voluntariat.<\/p><p><b>3. SCOPUL PRELUCR\u0102RII DATELOR<\/b><\/p><p>Prelucrarea datelor cu caracter personal ale donatorului este efectuat\u0103 exclusiv \u00een acest scop:<\/p><p>- <b>Executarea corespunz\u0103toare a termenilor acordului<\/b> oferta public\u0103 \u0219i conformitatea cu cerin\u021bele legisla\u021biei ucrainene privind activit\u0103\u021bile caritabile \u0219i raportarea (\u00een special, \u021binerea eviden\u021bei dona\u021biilor caritabile).<\/p><p>- <b>Comunicarea cu binef\u0103c\u0103torul<\/b> (furnizarea de informa\u021bii despre Funda\u021bie, trimiterea de rapoarte privind utilizarea dona\u021biilor, precum \u0219i materiale informative \u0219i\/sau publicitare ale Funda\u021biei - \u00een conformitate cu clauza 10.3 din Ofert\u0103).<\/p><p>- <b>Men\u021binerea statisticilor \u0219i analizelor interne ale fondului.<\/b><b><\/b><\/p><p>- <b>Divulgarea public\u0103 a informa\u021biilor despre binef\u0103c\u0103tori<\/b> (NUME COMPLET) <b>numai cu acordul suplimentar separat al binef\u0103c\u0103torului<\/b>.<\/p><p><b>4. DREPTURILE BINEF\u0102C\u0102TORULUI<\/b><\/p><p>Binef\u0103c\u0103torul confirm\u0103 c\u0103 a fost informat cu privire la drepturile sale \u00een calitate de subiect al datelor cu caracter personal, \u00een conformitate cu articolul 8 din Legea Ucrainei privind protec\u021bia datelor cu caracter personal, \u0219i anume<\/p><p>- Cunoa\u0219te\u021bi sursele de colectare \u0219i localizare a datelor dvs. personale.<\/p><p>- primi\u021bi informa\u021bii privind condi\u021biile de acordare a accesului la datele cu caracter personal.<\/p><p>- Trimite\u021bi Fondului o cerere motivat\u0103 prin care v\u0103 opune\u021bi prelucr\u0103rii datelor.<\/p><p>- Prezenta\u021bi o cerere motivat\u0103 de modificare sau distrugere a datelor.<\/p><p>- Retragerea consim\u021b\u0103m\u00e2ntului pentru prelucrarea datelor cu caracter personal.<\/p><p>- S\u0103 exercite alte drepturi prev\u0103zute de legisla\u021bia Ucrainei.<\/p><p><b>5. CONDI\u021aII DE DEPOZITARE \u0218I DESCHIDERE<\/b><\/p><p>- <b>Funda\u021bia se angajeaz\u0103 s\u0103 ia m\u0103surile necesare<\/b> pentru a proteja datele cu caracter personal \u00eempotriva accesului neautorizat, modific\u0103rii, divulg\u0103rii sau distrugerii.<\/p><p>- <b>Datele cu caracter personal pot fi divulgate c\u0103tre<\/b> c\u0103tre ter\u021bi (de exemplu, b\u0103nci, sisteme de plat\u0103, auditori) numai \u00een cazurile prev\u0103zute de legisla\u021bia Ucrainei sau dac\u0103 este necesar pentru ca Fondul s\u0103 \u00ee\u0219i \u00eendeplineasc\u0103 obiectivele statutare.<\/p><p>- <b>Perioada de p\u0103strare a datelor<\/b> este stabilit\u0103 \u00een conformitate cu cerin\u021bele legisla\u021biei \u00een vigoare \u0219i cu documentele statutare ale fondului.<\/p><p>Prezentul apendice nr. 1 intr\u0103 \u00een vigoare simultan cu acordul de ofert\u0103 public\u0103.<\/p><p>Aceasta va face parte integrant\u0103 din acordul principal, iar acceptarea sa (acceptarea) va fi confirmat\u0103 prin ac\u021biunile beneficarului, astfel cum sunt descrise \u00een ofert\u0103.<\/p>\t\t\t\t\t\t\t\t<\/div>\n\t\t\t\t<\/div>\n\t\t\t\t\t<\/div>\n\t\t\t\t<\/div>\n\t\t\t\t<\/div>","protected":false},"excerpt":{"rendered":"<p>\u0414\u043e\u0433\u043e\u0432\u0456\u0440 \u043f\u0443\u0431\u043b\u0456\u0447\u043d\u043e\u0457 \u043e\u0444\u0435\u0440\u0442\u0438 \u043f\u0440\u043e \u043d\u0430\u0434\u0430\u043d\u043d\u044f \u0431\u043b\u0430\u0433\u043e\u0434\u0456\u0439\u043d\u043e\u0457 \u043f\u043e\u0436\u0435\u0440\u0442\u0432\u0438 \u0426\u044f \u043f\u0443\u0431\u043b\u0456\u0447\u043d\u0430 \u043e\u0444\u0435\u0440\u0442\u0430 \u043f\u0440\u043e \u043d\u0430\u0434\u0430\u043d\u043d\u044f \u0431\u043b\u0430\u0433\u043e\u0434\u0456\u0439\u043d\u043e\u0457 \u043f\u043e\u0436\u0435\u0440\u0442\u0432\u0438 (\u043d\u0430\u0434\u0430\u043b\u0456 \u2013 \u041e\u0444\u0435\u0440\u0442\u0430) \u0430\u0434\u0440\u0435\u0441\u043e\u0432\u0430\u043d\u0430 \u043d\u0435\u0432\u0438\u0437\u043d\u0430\u0447\u0435\u043d\u043e\u043c\u0443 \u043a\u043e\u043b\u0443 \u043e\u0441\u0456\u0431 \u2013 \u0444\u0456\u0437\u0438\u0447\u043d\u0438\u043c \u0442\u0430 \u044e\u0440\u0438\u0434\u0438\u0447\u043d\u0438\u043c \u043e\u0441\u043e\u0431\u0430\u043c (\u043d\u0430\u0434\u0430\u043b\u0456 \u2013 \u0411\u043b\u0430\u0433\u043e\u0434\u0456\u0439\u043d\u0438\u043a), \u0449\u043e \u0454 \u0432\u0456\u0434\u0432\u0456\u0434\u0443\u0432\u0430\u0447\u0430\u043c\u0438 \u0432\u0435\u0431\u0441\u0430\u0439\u0442\u0443 \u0443 \u043c\u0435\u0440\u0435\u0436\u0456 \u0406\u043d\u0442\u0435\u0440\u043d\u0435\u0442: https:\/\/yourhelpfund.org.ua (\u043d\u0430\u0434\u0430\u043b\u0456 \u2013 \u0421\u0430\u0439\u0442), \u0456 \u0454 \u043e\u0444\u0456\u0446\u0456\u0439\u043d\u043e\u044e \u0442\u0430 \u043f\u0443\u0431\u043b\u0456\u0447\u043d\u043e\u044e \u043f\u0440\u043e\u043f\u043e\u0437\u0438\u0446\u0456\u0454\u044e \u0411\u043b\u0430\u0433\u043e\u0434\u0456\u0439\u043d\u043e\u0433\u043e \u0444\u043e\u043d\u0434\u0443 \u00ab\u0422\u0432\u043e\u044f \u0414\u043e\u043f\u043e\u043c\u043e\u0433\u0430 \u042e\u0410\u00bb (\u0406\u0434\u0435\u043d\u0442\u0438\u0444\u0456\u043a\u0430\u0446\u0456\u0439\u043d\u0438\u0439 \u043a\u043e\u0434 \u044e\u0440\u0438\u0434\u0438\u0447\u043d\u043e\u0457 \u043e\u0441\u043e\u0431\u0438: [&hellip;]<\/p>\n","protected":false},"author":1,"featured_media":0,"parent":0,"menu_order":0,"comment_status":"closed","ping_status":"closed","template":"","meta":{"footnotes":""},"class_list":["post-711","page","type-page","status-publish","hentry"],"_links":{"self":[{"href":"https:\/\/yourhelpfund.org.ua\/ro\/wp-json\/wp\/v2\/pages\/711","targetHints":{"allow":["GET"]}}],"collection":[{"href":"https:\/\/yourhelpfund.org.ua\/ro\/wp-json\/wp\/v2\/pages"}],"about":[{"href":"https:\/\/yourhelpfund.org.ua\/ro\/wp-json\/wp\/v2\/types\/page"}],"author":[{"embeddable":true,"href":"https:\/\/yourhelpfund.org.ua\/ro\/wp-json\/wp\/v2\/users\/1"}],"replies":[{"embeddable":true,"href":"https:\/\/yourhelpfund.org.ua\/ro\/wp-json\/wp\/v2\/comments?post=711"}],"version-history":[{"count":16,"href":"https:\/\/yourhelpfund.org.ua\/ro\/wp-json\/wp\/v2\/pages\/711\/revisions"}],"predecessor-version":[{"id":747,"href":"https:\/\/yourhelpfund.org.ua\/ro\/wp-json\/wp\/v2\/pages\/711\/revisions\/747"}],"wp:attachment":[{"href":"https:\/\/yourhelpfund.org.ua\/ro\/wp-json\/wp\/v2\/media?parent=711"}],"curies":[{"name":"wp","href":"https:\/\/api.w.org\/{rel}","templated":true}]}}